{"id":2011,"date":"2026-01-22T15:18:55","date_gmt":"2026-01-22T14:18:55","guid":{"rendered":"https:\/\/atelier-bram.com\/?page_id=2011"},"modified":"2026-01-22T16:11:20","modified_gmt":"2026-01-22T15:11:20","slug":"atelier-architecture-bagneres-de-bigorre","status":"publish","type":"page","link":"https:\/\/atelier-bram.com\/index.php\/atelier-architecture-bagneres-de-bigorre\/","title":{"rendered":"L&rsquo;Atelier"},"content":{"rendered":"\t\t<div data-elementor-type=\"wp-page\" data-elementor-id=\"2011\" class=\"elementor elementor-2011\">\n\t\t\t\t<div class=\"elementor-element elementor-element-f634af3 e-con-full e-flex e-con e-parent\" data-id=\"f634af3\" data-element_type=\"container\">\n\t\t\t\t<div class=\"elementor-element elementor-element-bdfbd01 elementor-widget__width-inherit elementor-widget elementor-widget-image\" data-id=\"bdfbd01\" data-element_type=\"widget\" data-widget_type=\"image.default\">\n\t\t\t\t<div class=\"elementor-widget-container\">\n\t\t\t\t\t\t\t\t\t\t\t\t<figure class=\"wp-caption\">\n\t\t\t\t\t\t\t\t\t\t<img fetchpriority=\"high\" decoding=\"async\" width=\"2126\" height=\"2126\" src=\"https:\/\/atelier-bram.com\/wp-content\/uploads\/2026\/01\/MEP00.png\" class=\"attachment-full size-full wp-image-2047\" alt=\"Atelier Bram Architecte Construction R\u00e9novation Bagn\u00e8res de Bigorre Hautes Pyr\u00e9nn\u00e9es Toulouse Pau Lannemezan\" srcset=\"https:\/\/atelier-bram.com\/wp-content\/uploads\/2026\/01\/MEP00.png 2126w, https:\/\/atelier-bram.com\/wp-content\/uploads\/2026\/01\/MEP00-300x300.png 300w, https:\/\/atelier-bram.com\/wp-content\/uploads\/2026\/01\/MEP00-1024x1024.png 1024w, https:\/\/atelier-bram.com\/wp-content\/uploads\/2026\/01\/MEP00-150x150.png 150w, https:\/\/atelier-bram.com\/wp-content\/uploads\/2026\/01\/MEP00-768x768.png 768w, https:\/\/atelier-bram.com\/wp-content\/uploads\/2026\/01\/MEP00-1536x1536.png 1536w, https:\/\/atelier-bram.com\/wp-content\/uploads\/2026\/01\/MEP00-2048x2048.png 2048w\" sizes=\"(max-width: 2126px) 100vw, 2126px\" \/>\t\t\t\t\t\t\t\t\t\t\t<figcaption class=\"widget-image-caption wp-caption-text\">Atelier Bram Architecte Construction R\u00e9novation Bagn\u00e8res de Bigorre Hautes Pyr\u00e9nn\u00e9es Toulouse Pau Lannemezan<\/figcaption>\n\t\t\t\t\t\t\t\t\t\t<\/figure>\n\t\t\t\t\t\t\t\t\t<\/div>\n\t\t\t\t<\/div>\n\t\t<div class=\"elementor-element elementor-element-1fee010 e-flex e-con-boxed e-con e-child\" data-id=\"1fee010\" data-element_type=\"container\">\n\t\t\t\t\t<div class=\"e-con-inner\">\n\t\t\t\t<div class=\"elementor-element elementor-element-06bc514 elementor-widget-divider--view-line elementor-widget elementor-widget-divider\" data-id=\"06bc514\" data-element_type=\"widget\" data-widget_type=\"divider.default\">\n\t\t\t\t<div class=\"elementor-widget-container\">\n\t\t\t\t\t\t\t<div class=\"elementor-divider\">\n\t\t\t<span class=\"elementor-divider-separator\">\n\t\t\t\t\t\t<\/span>\n\t\t<\/div>\n\t\t\t\t\t\t<\/div>\n\t\t\t\t<\/div>\n\t\t\t\t\t<\/div>\n\t\t\t\t<\/div>\n\t\t<div class=\"elementor-element elementor-element-a226882 e-flex e-con-boxed e-con e-child\" data-id=\"a226882\" data-element_type=\"container\">\n\t\t\t\t\t<div class=\"e-con-inner\">\n\t\t<div class=\"elementor-element elementor-element-cbe3a1b e-con-full e-flex e-con e-child\" data-id=\"cbe3a1b\" data-element_type=\"container\">\n\t\t\t\t<div class=\"elementor-element elementor-element-d027597 elementor-widget elementor-widget-text-editor\" data-id=\"d027597\" data-element_type=\"widget\" data-widget_type=\"text-editor.default\">\n\t\t\t\t<div class=\"elementor-widget-container\">\n\t\t\t\t\t\t\t\t\t<p style=\"font-size: 17px; font-style: normal; font-weight: 400; color: #3a3a3a; text-align: center;\"><span style=\"font-weight: bold;\">\u00a0<\/span><span style=\"font-weight: bold; font-family: var( --e-global-typography-text-font-family ), Sans-serif; background-color: var( --e-global-color-9c34da9 );\">Bram &#8211; Bagn\u00e8res de Bigorre<\/span><\/p><p style=\"font-size: 17px; font-style: normal; font-weight: 400; color: #3a3a3a; text-align: center;\"><span style=\"background-color: var( --e-global-color-astglobalcolor6 ); font-family: var( --e-global-typography-text-font-family ), Sans-serif;\">\u00a0<\/span><\/p><p style=\"font-size: 17px; font-style: normal; font-weight: 400; color: #3a3a3a; text-align: center;\"><span style=\"background-color: var( --e-global-color-astglobalcolor6 ); font-family: var( --e-global-typography-text-font-family ), Sans-serif;\">4Bis Rue des Thermes<\/span><\/p><p style=\"font-size: 17px; font-style: normal; font-weight: 400; color: #3a3a3a; text-align: center;\">65200 Bagn\u00e8res-de-Bigorre<\/p><p style=\"font-size: 17px; font-style: normal; font-weight: 400; color: #3a3a3a; text-align: center;\"><span style=\"font-family: var( --e-global-typography-text-font-family ), Sans-serif; background-color: var( --e-global-color-astglobalcolor6 );\">\u00a0<\/span><\/p><p style=\"font-size: 17px; font-style: normal; font-weight: 400; color: #3a3a3a; text-align: center;\"><span style=\"font-family: var( --e-global-typography-text-font-family ), Sans-serif; background-color: var( --e-global-color-astglobalcolor6 );\">contact@atelier-bram.com<\/span><\/p><p style=\"font-size: 17px; font-style: normal; font-weight: 400; color: #3a3a3a; text-align: center;\">+33 7 86 21 27 03<\/p>\t\t\t\t\t\t\t\t<\/div>\n\t\t\t\t<\/div>\n\t\t\t\t<\/div>\n\t\t<div class=\"elementor-element elementor-element-253bd47 e-con-full e-flex e-con e-child\" data-id=\"253bd47\" data-element_type=\"container\">\n\t\t\t\t<div class=\"elementor-element elementor-element-fa7c4a1 elementor-widget elementor-widget-text-editor\" data-id=\"fa7c4a1\" data-element_type=\"widget\" data-widget_type=\"text-editor.default\">\n\t\t\t\t<div class=\"elementor-widget-container\">\n\t\t\t\t\t\t\t\t\t<p style=\"font-size: 17px; font-style: normal; font-weight: 400; color: #3a3a3a; text-align: center;\"><span style=\"font-weight: bold;\">\u00a0<\/span><span style=\"font-weight: bold; font-family: var( --e-global-typography-text-font-family ), Sans-serif; background-color: var( --e-global-color-9c34da9 );\">Bram &#8211; Guyane<\/span><\/p><p style=\"font-size: 17px; font-style: normal; font-weight: 400; color: #3a3a3a; text-align: center;\"><span style=\"font-weight: bold;\">\u00a0<\/span><\/p><p style=\"font-size: 17px; font-style: normal; font-weight: 400; color: #3a3a3a; text-align: center;\"><span style=\"font-family: var( --e-global-typography-text-font-family ), Sans-serif; background-color: var( --e-global-color-astglobalcolor6 );\">103 Rue du Lieutenant L\u00e9on Becker<\/span><\/p><p style=\"font-size: 17px; font-style: normal; font-weight: 400; color: #3a3a3a; text-align: center;\"><span style=\"font-family: var( --e-global-typography-text-font-family ), Sans-serif; background-color: var( --e-global-color-astglobalcolor6 );\">97300 Cayenne<\/span><\/p><p style=\"font-size: 17px; font-style: normal; font-weight: 400; color: #3a3a3a; text-align: center;\"><span style=\"font-family: var( --e-global-typography-text-font-family ), Sans-serif; background-color: var( --e-global-color-astglobalcolor6 );\">\u00a0<\/span><\/p><p style=\"font-size: 17px; font-style: normal; font-weight: 400; color: #3a3a3a; text-align: center;\"><span style=\"background-color: var( --e-global-color-astglobalcolor6 ); font-family: var( --e-global-typography-text-font-family ), Sans-serif;\">contact@atelier-bram.com<\/span><\/p><p style=\"font-size: 17px; font-style: normal; font-weight: 400; color: #3a3a3a; text-align: center;\">+33 6 28 77 32 82 (Appel + WhatsApp)<\/p>\t\t\t\t\t\t\t\t<\/div>\n\t\t\t\t<\/div>\n\t\t\t\t<\/div>\n\t\t\t\t\t<\/div>\n\t\t\t\t<\/div>\n\t\t\t\t<\/div>\n\t\t\t\t<\/div>\n\t\t","protected":false},"excerpt":{"rendered":"<p>Atelier Bram Architecte Construction R\u00e9novation Bagn\u00e8res de Bigorre Hautes Pyr\u00e9nn\u00e9es Toulouse Pau Lannemezan \u00a0Bram &#8211; Bagn\u00e8res de Bigorre \u00a0 4Bis Rue des Thermes 65200 Bagn\u00e8res-de-Bigorre \u00a0 contact@atelier-bram.com +33 7 86 21 27 03 \u00a0Bram &#8211; Guyane \u00a0 103 Rue du Lieutenant L\u00e9on Becker 97300 Cayenne \u00a0 contact@atelier-bram.com +33 6 28 77 32 82 (Appel + [&hellip;]<\/p>\n","protected":false},"author":1,"featured_media":0,"parent":0,"menu_order":0,"comment_status":"closed","ping_status":"closed","template":"","meta":{"site-sidebar-layout":"no-sidebar","site-content-layout":"","ast-site-content-layout":"full-width-container","site-content-style":"default","site-sidebar-style":"default","ast-global-header-display":"","ast-banner-title-visibility":"","ast-main-header-display":"","ast-hfb-above-header-display":"","ast-hfb-below-header-display":"","ast-hfb-mobile-header-display":"","site-post-title":"disabled","ast-breadcrumbs-content":"","ast-featured-img":"disabled","footer-sml-layout":"","ast-disable-related-posts":"","theme-transparent-header-meta":"","adv-header-id-meta":"","stick-header-meta":"","header-above-stick-meta":"","header-main-stick-meta":"","header-below-stick-meta":"","astra-migrate-meta-layouts":"default","ast-page-background-enabled":"default","ast-page-background-meta":{"desktop":{"background-color":"var(--ast-global-color-4)","background-image":"","background-repeat":"repeat","background-position":"center center","background-size":"auto","background-attachment":"scroll","background-type":"","background-media":"","overlay-type":"","overlay-color":"","overlay-opacity":"","overlay-gradient":""},"tablet":{"background-color":"","background-image":"","background-repeat":"repeat","background-position":"center center","background-size":"auto","background-attachment":"scroll","background-type":"","background-media":"","overlay-type":"","overlay-color":"","overlay-opacity":"","overlay-gradient":""},"mobile":{"background-color":"","background-image":"","background-repeat":"repeat","background-position":"center center","background-size":"auto","background-attachment":"scroll","background-type":"","background-media":"","overlay-type":"","overlay-color":"","overlay-opacity":"","overlay-gradient":""}},"ast-content-background-meta":{"desktop":{"background-color":"var(--ast-global-color-5)","background-image":"","background-repeat":"repeat","background-position":"center center","background-size":"auto","background-attachment":"scroll","background-type":"","background-media":"","overlay-type":"","overlay-color":"","overlay-opacity":"","overlay-gradient":""},"tablet":{"background-color":"var(--ast-global-color-5)","background-image":"","background-repeat":"repeat","background-position":"center center","background-size":"auto","background-attachment":"scroll","background-type":"","background-media":"","overlay-type":"","overlay-color":"","overlay-opacity":"","overlay-gradient":""},"mobile":{"background-color":"var(--ast-global-color-5)","background-image":"","background-repeat":"repeat","background-position":"center center","background-size":"auto","background-attachment":"scroll","background-type":"","background-media":"","overlay-type":"","overlay-color":"","overlay-opacity":"","overlay-gradient":""}},"footnotes":""},"class_list":["post-2011","page","type-page","status-publish","hentry"],"yoast_head":"<!-- This site is optimized with the Yoast SEO plugin v26.8 - https:\/\/yoast.com\/product\/yoast-seo-wordpress\/ -->\n<title>L&#039;Atelier | Atelier Bram | Architecture<\/title>\n<meta name=\"robots\" content=\"index, follow, max-snippet:-1, max-image-preview:large, max-video-preview:-1\" \/>\n<link rel=\"canonical\" href=\"https:\/\/atelier-bram.com\/index.php\/atelier-architecture-bagneres-de-bigorre\/\" \/>\n<meta property=\"og:locale\" content=\"fr_FR\" \/>\n<meta property=\"og:type\" content=\"article\" \/>\n<meta property=\"og:title\" content=\"L&#039;Atelier | Atelier Bram | Architecture\" \/>\n<meta property=\"og:description\" content=\"Atelier Bram Architecte Construction R\u00e9novation Bagn\u00e8res de Bigorre Hautes Pyr\u00e9nn\u00e9es Toulouse Pau Lannemezan \u00a0Bram &#8211; Bagn\u00e8res de Bigorre \u00a0 4Bis Rue des Thermes 65200 Bagn\u00e8res-de-Bigorre \u00a0 contact@atelier-bram.com +33 7 86 21 27 03 \u00a0Bram &#8211; Guyane \u00a0 103 Rue du Lieutenant L\u00e9on Becker 97300 Cayenne \u00a0 contact@atelier-bram.com +33 6 28 77 32 82 (Appel + [&hellip;]\" \/>\n<meta property=\"og:url\" content=\"https:\/\/atelier-bram.com\/index.php\/atelier-architecture-bagneres-de-bigorre\/\" \/>\n<meta property=\"og:site_name\" content=\"Atelier Bram | Architecture\" \/>\n<meta property=\"article:modified_time\" content=\"2026-01-22T15:11:20+00:00\" \/>\n<meta property=\"og:image\" content=\"https:\/\/atelier-bram.com\/wp-content\/uploads\/2026\/01\/MEP00-1024x1024.png\" \/>\n\t<meta property=\"og:image:width\" content=\"1024\" \/>\n\t<meta property=\"og:image:height\" content=\"1024\" \/>\n\t<meta property=\"og:image:type\" content=\"image\/png\" \/>\n<meta name=\"twitter:card\" content=\"summary_large_image\" \/>\n<meta name=\"twitter:label1\" content=\"Dur\u00e9e de lecture estim\u00e9e\" \/>\n\t<meta name=\"twitter:data1\" content=\"1 minute\" \/>\n<script type=\"application\/ld+json\" class=\"yoast-schema-graph\">{\"@context\":\"https:\/\/schema.org\",\"@graph\":[{\"@type\":\"WebPage\",\"@id\":\"https:\/\/atelier-bram.com\/index.php\/atelier-architecture-bagneres-de-bigorre\/\",\"url\":\"https:\/\/atelier-bram.com\/index.php\/atelier-architecture-bagneres-de-bigorre\/\",\"name\":\"L'Atelier | Atelier Bram | Architecture\",\"isPartOf\":{\"@id\":\"https:\/\/atelier-bram.com\/#website\"},\"primaryImageOfPage\":{\"@id\":\"https:\/\/atelier-bram.com\/index.php\/atelier-architecture-bagneres-de-bigorre\/#primaryimage\"},\"image\":{\"@id\":\"https:\/\/atelier-bram.com\/index.php\/atelier-architecture-bagneres-de-bigorre\/#primaryimage\"},\"thumbnailUrl\":\"https:\/\/atelier-bram.com\/wp-content\/uploads\/2026\/01\/MEP00.png\",\"datePublished\":\"2026-01-22T14:18:55+00:00\",\"dateModified\":\"2026-01-22T15:11:20+00:00\",\"breadcrumb\":{\"@id\":\"https:\/\/atelier-bram.com\/index.php\/atelier-architecture-bagneres-de-bigorre\/#breadcrumb\"},\"inLanguage\":\"fr-FR\",\"potentialAction\":[{\"@type\":\"ReadAction\",\"target\":[\"https:\/\/atelier-bram.com\/index.php\/atelier-architecture-bagneres-de-bigorre\/\"]}]},{\"@type\":\"ImageObject\",\"inLanguage\":\"fr-FR\",\"@id\":\"https:\/\/atelier-bram.com\/index.php\/atelier-architecture-bagneres-de-bigorre\/#primaryimage\",\"url\":\"https:\/\/atelier-bram.com\/wp-content\/uploads\/2026\/01\/MEP00.png\",\"contentUrl\":\"https:\/\/atelier-bram.com\/wp-content\/uploads\/2026\/01\/MEP00.png\",\"width\":2126,\"height\":2126,\"caption\":\"Atelier Bram Architecte Construction R\u00e9novation Bagn\u00e8res de Bigorre Hautes Pyr\u00e9nn\u00e9es Toulouse Pau Lannemezan\"},{\"@type\":\"BreadcrumbList\",\"@id\":\"https:\/\/atelier-bram.com\/index.php\/atelier-architecture-bagneres-de-bigorre\/#breadcrumb\",\"itemListElement\":[{\"@type\":\"ListItem\",\"position\":1,\"name\":\"Accueil\",\"item\":\"https:\/\/atelier-bram.com\/\"},{\"@type\":\"ListItem\",\"position\":2,\"name\":\"L&rsquo;Atelier\"}]},{\"@type\":\"WebSite\",\"@id\":\"https:\/\/atelier-bram.com\/#website\",\"url\":\"https:\/\/atelier-bram.com\/\",\"name\":\"Atelier Bram | Architecture\",\"description\":\"L&#039;atelier Bram est une agence d&#039;architecture cr\u00e9\u00e9e en 2023 par quatre associ\u00e9s.\",\"publisher\":{\"@id\":\"https:\/\/atelier-bram.com\/#organization\"},\"alternateName\":\"Bram Architecture\",\"potentialAction\":[{\"@type\":\"SearchAction\",\"target\":{\"@type\":\"EntryPoint\",\"urlTemplate\":\"https:\/\/atelier-bram.com\/?s={search_term_string}\"},\"query-input\":{\"@type\":\"PropertyValueSpecification\",\"valueRequired\":true,\"valueName\":\"search_term_string\"}}],\"inLanguage\":\"fr-FR\"},{\"@type\":\"Organization\",\"@id\":\"https:\/\/atelier-bram.com\/#organization\",\"name\":\"Bram\",\"alternateName\":\"Atelier Bram\",\"url\":\"https:\/\/atelier-bram.com\/\",\"logo\":{\"@type\":\"ImageObject\",\"inLanguage\":\"fr-FR\",\"@id\":\"https:\/\/atelier-bram.com\/#\/schema\/logo\/image\/\",\"url\":\"https:\/\/atelier-bram.com\/wp-content\/uploads\/2023\/11\/Bram-L-Bleu-scaled.png\",\"contentUrl\":\"https:\/\/atelier-bram.com\/wp-content\/uploads\/2023\/11\/Bram-L-Bleu-scaled.png\",\"width\":2213,\"height\":2560,\"caption\":\"Bram\"},\"image\":{\"@id\":\"https:\/\/atelier-bram.com\/#\/schema\/logo\/image\/\"}}]}<\/script>\n<!-- \/ Yoast SEO plugin. -->","yoast_head_json":{"title":"L'Atelier | Atelier Bram | Architecture","robots":{"index":"index","follow":"follow","max-snippet":"max-snippet:-1","max-image-preview":"max-image-preview:large","max-video-preview":"max-video-preview:-1"},"canonical":"https:\/\/atelier-bram.com\/index.php\/atelier-architecture-bagneres-de-bigorre\/","og_locale":"fr_FR","og_type":"article","og_title":"L'Atelier | Atelier Bram | Architecture","og_description":"Atelier Bram Architecte Construction R\u00e9novation Bagn\u00e8res de Bigorre Hautes Pyr\u00e9nn\u00e9es Toulouse Pau Lannemezan \u00a0Bram &#8211; Bagn\u00e8res de Bigorre \u00a0 4Bis Rue des Thermes 65200 Bagn\u00e8res-de-Bigorre \u00a0 contact@atelier-bram.com +33 7 86 21 27 03 \u00a0Bram &#8211; Guyane \u00a0 103 Rue du Lieutenant L\u00e9on Becker 97300 Cayenne \u00a0 contact@atelier-bram.com +33 6 28 77 32 82 (Appel + [&hellip;]","og_url":"https:\/\/atelier-bram.com\/index.php\/atelier-architecture-bagneres-de-bigorre\/","og_site_name":"Atelier Bram | Architecture","article_modified_time":"2026-01-22T15:11:20+00:00","og_image":[{"width":1024,"height":1024,"url":"https:\/\/atelier-bram.com\/wp-content\/uploads\/2026\/01\/MEP00-1024x1024.png","type":"image\/png"}],"twitter_card":"summary_large_image","twitter_misc":{"Dur\u00e9e de lecture estim\u00e9e":"1 minute"},"schema":{"@context":"https:\/\/schema.org","@graph":[{"@type":"WebPage","@id":"https:\/\/atelier-bram.com\/index.php\/atelier-architecture-bagneres-de-bigorre\/","url":"https:\/\/atelier-bram.com\/index.php\/atelier-architecture-bagneres-de-bigorre\/","name":"L'Atelier | Atelier Bram | Architecture","isPartOf":{"@id":"https:\/\/atelier-bram.com\/#website"},"primaryImageOfPage":{"@id":"https:\/\/atelier-bram.com\/index.php\/atelier-architecture-bagneres-de-bigorre\/#primaryimage"},"image":{"@id":"https:\/\/atelier-bram.com\/index.php\/atelier-architecture-bagneres-de-bigorre\/#primaryimage"},"thumbnailUrl":"https:\/\/atelier-bram.com\/wp-content\/uploads\/2026\/01\/MEP00.png","datePublished":"2026-01-22T14:18:55+00:00","dateModified":"2026-01-22T15:11:20+00:00","breadcrumb":{"@id":"https:\/\/atelier-bram.com\/index.php\/atelier-architecture-bagneres-de-bigorre\/#breadcrumb"},"inLanguage":"fr-FR","potentialAction":[{"@type":"ReadAction","target":["https:\/\/atelier-bram.com\/index.php\/atelier-architecture-bagneres-de-bigorre\/"]}]},{"@type":"ImageObject","inLanguage":"fr-FR","@id":"https:\/\/atelier-bram.com\/index.php\/atelier-architecture-bagneres-de-bigorre\/#primaryimage","url":"https:\/\/atelier-bram.com\/wp-content\/uploads\/2026\/01\/MEP00.png","contentUrl":"https:\/\/atelier-bram.com\/wp-content\/uploads\/2026\/01\/MEP00.png","width":2126,"height":2126,"caption":"Atelier Bram Architecte Construction R\u00e9novation Bagn\u00e8res de Bigorre Hautes Pyr\u00e9nn\u00e9es Toulouse Pau Lannemezan"},{"@type":"BreadcrumbList","@id":"https:\/\/atelier-bram.com\/index.php\/atelier-architecture-bagneres-de-bigorre\/#breadcrumb","itemListElement":[{"@type":"ListItem","position":1,"name":"Accueil","item":"https:\/\/atelier-bram.com\/"},{"@type":"ListItem","position":2,"name":"L&rsquo;Atelier"}]},{"@type":"WebSite","@id":"https:\/\/atelier-bram.com\/#website","url":"https:\/\/atelier-bram.com\/","name":"Atelier Bram | Architecture","description":"L&#039;atelier Bram est une agence d&#039;architecture cr\u00e9\u00e9e en 2023 par quatre associ\u00e9s.","publisher":{"@id":"https:\/\/atelier-bram.com\/#organization"},"alternateName":"Bram Architecture","potentialAction":[{"@type":"SearchAction","target":{"@type":"EntryPoint","urlTemplate":"https:\/\/atelier-bram.com\/?s={search_term_string}"},"query-input":{"@type":"PropertyValueSpecification","valueRequired":true,"valueName":"search_term_string"}}],"inLanguage":"fr-FR"},{"@type":"Organization","@id":"https:\/\/atelier-bram.com\/#organization","name":"Bram","alternateName":"Atelier Bram","url":"https:\/\/atelier-bram.com\/","logo":{"@type":"ImageObject","inLanguage":"fr-FR","@id":"https:\/\/atelier-bram.com\/#\/schema\/logo\/image\/","url":"https:\/\/atelier-bram.com\/wp-content\/uploads\/2023\/11\/Bram-L-Bleu-scaled.png","contentUrl":"https:\/\/atelier-bram.com\/wp-content\/uploads\/2023\/11\/Bram-L-Bleu-scaled.png","width":2213,"height":2560,"caption":"Bram"},"image":{"@id":"https:\/\/atelier-bram.com\/#\/schema\/logo\/image\/"}}]}},"_links":{"self":[{"href":"https:\/\/atelier-bram.com\/index.php\/wp-json\/wp\/v2\/pages\/2011","targetHints":{"allow":["GET"]}}],"collection":[{"href":"https:\/\/atelier-bram.com\/index.php\/wp-json\/wp\/v2\/pages"}],"about":[{"href":"https:\/\/atelier-bram.com\/index.php\/wp-json\/wp\/v2\/types\/page"}],"author":[{"embeddable":true,"href":"https:\/\/atelier-bram.com\/index.php\/wp-json\/wp\/v2\/users\/1"}],"replies":[{"embeddable":true,"href":"https:\/\/atelier-bram.com\/index.php\/wp-json\/wp\/v2\/comments?post=2011"}],"version-history":[{"count":29,"href":"https:\/\/atelier-bram.com\/index.php\/wp-json\/wp\/v2\/pages\/2011\/revisions"}],"predecessor-version":[{"id":2060,"href":"https:\/\/atelier-bram.com\/index.php\/wp-json\/wp\/v2\/pages\/2011\/revisions\/2060"}],"wp:attachment":[{"href":"https:\/\/atelier-bram.com\/index.php\/wp-json\/wp\/v2\/media?parent=2011"}],"curies":[{"name":"wp","href":"https:\/\/api.w.org\/{rel}","templated":true}]}}