{"id":1938,"date":"2026-01-22T10:51:39","date_gmt":"2026-01-22T09:51:39","guid":{"rendered":"https:\/\/atelier-bram.com\/?page_id=1938"},"modified":"2026-01-22T11:31:44","modified_gmt":"2026-01-22T10:31:44","slug":"grange-larrey","status":"publish","type":"page","link":"https:\/\/atelier-bram.com\/index.php\/grange-larrey\/","title":{"rendered":"Grange Larrey"},"content":{"rendered":"\t\t<div data-elementor-type=\"wp-page\" data-elementor-id=\"1938\" class=\"elementor elementor-1938\">\n\t\t\t\t<div class=\"elementor-element elementor-element-932e9ae e-con-full e-flex e-con e-parent\" data-id=\"932e9ae\" data-element_type=\"container\">\n\t\t\t\t<div class=\"elementor-element elementor-element-30f0dad elementor-widget__width-inherit elementor-widget elementor-widget-image\" data-id=\"30f0dad\" data-element_type=\"widget\" data-widget_type=\"image.default\">\n\t\t\t\t<div class=\"elementor-widget-container\">\n\t\t\t\t\t\t\t\t\t\t\t\t\t\t\t\t<a href=\"https:\/\/atelier-bram.com\/index.php\/realisations-architectes-bagneres-de-bigorre\/\">\n\t\t\t\t\t\t\t<img fetchpriority=\"high\" decoding=\"async\" width=\"2560\" height=\"1942\" src=\"https:\/\/atelier-bram.com\/wp-content\/uploads\/2026\/01\/MEP-01-6-scaled.png\" class=\"attachment-full size-full wp-image-1941\" alt=\"Grange R\u00e9novation Baud\u00e9an Campan Bagn\u00e8res Tarbes Lourdes Pau Lannemezan Architecture Construction Extension Permis de Construire Attestation de Travaux\" srcset=\"https:\/\/atelier-bram.com\/wp-content\/uploads\/2026\/01\/MEP-01-6-scaled.png 2560w, https:\/\/atelier-bram.com\/wp-content\/uploads\/2026\/01\/MEP-01-6-300x228.png 300w, https:\/\/atelier-bram.com\/wp-content\/uploads\/2026\/01\/MEP-01-6-1024x777.png 1024w, https:\/\/atelier-bram.com\/wp-content\/uploads\/2026\/01\/MEP-01-6-768x583.png 768w, https:\/\/atelier-bram.com\/wp-content\/uploads\/2026\/01\/MEP-01-6-1536x1165.png 1536w, https:\/\/atelier-bram.com\/wp-content\/uploads\/2026\/01\/MEP-01-6-2048x1554.png 2048w\" sizes=\"(max-width: 2560px) 100vw, 2560px\" \/>\t\t\t\t\t\t\t\t<\/a>\n\t\t\t\t\t\t\t\t\t\t\t\t\t\t\t<\/div>\n\t\t\t\t<\/div>\n\t\t\t\t<\/div>\n\t\t<div class=\"elementor-element elementor-element-69cdcb2 e-con-full e-flex e-con e-parent\" data-id=\"69cdcb2\" data-element_type=\"container\">\n\t\t\t\t<div class=\"elementor-element elementor-element-f8338e5 elementor-widget__width-inherit elementor-widget elementor-widget-image\" data-id=\"f8338e5\" data-element_type=\"widget\" data-widget_type=\"image.default\">\n\t\t\t\t<div class=\"elementor-widget-container\">\n\t\t\t\t\t\t\t\t\t\t\t\t\t\t\t<img decoding=\"async\" width=\"2560\" height=\"945\" src=\"https:\/\/atelier-bram.com\/wp-content\/uploads\/2026\/01\/MEP-02.3-scaled.png\" class=\"attachment-full size-full wp-image-1951\" alt=\"Grange R\u00e9novation Baud\u00e9an Campan Bagn\u00e8res Tarbes Lourdes Pau Lannemezan Architecture Construction Extension Permis de Construire Attestation de Travaux\" srcset=\"https:\/\/atelier-bram.com\/wp-content\/uploads\/2026\/01\/MEP-02.3-scaled.png 2560w, https:\/\/atelier-bram.com\/wp-content\/uploads\/2026\/01\/MEP-02.3-300x111.png 300w, https:\/\/atelier-bram.com\/wp-content\/uploads\/2026\/01\/MEP-02.3-1024x378.png 1024w, https:\/\/atelier-bram.com\/wp-content\/uploads\/2026\/01\/MEP-02.3-768x283.png 768w, https:\/\/atelier-bram.com\/wp-content\/uploads\/2026\/01\/MEP-02.3-1536x567.png 1536w, https:\/\/atelier-bram.com\/wp-content\/uploads\/2026\/01\/MEP-02.3-2048x756.png 2048w\" sizes=\"(max-width: 2560px) 100vw, 2560px\" \/>\t\t\t\t\t\t\t\t\t\t\t\t\t\t\t<\/div>\n\t\t\t\t<\/div>\n\t\t\t\t<\/div>\n\t\t<div class=\"elementor-element elementor-element-b4651de e-con-full e-flex e-con e-parent\" data-id=\"b4651de\" data-element_type=\"container\">\n\t\t\t\t<div class=\"elementor-element elementor-element-63e46db elementor-widget__width-inherit elementor-widget elementor-widget-image\" data-id=\"63e46db\" data-element_type=\"widget\" data-widget_type=\"image.default\">\n\t\t\t\t<div class=\"elementor-widget-container\">\n\t\t\t\t\t\t\t\t\t\t\t\t\t\t\t<img decoding=\"async\" width=\"2560\" height=\"1890\" src=\"https:\/\/atelier-bram.com\/wp-content\/uploads\/2026\/01\/MEP-03-6-scaled.png\" class=\"attachment-full size-full wp-image-1943\" alt=\"Grange R\u00e9novation Baud\u00e9an Campan Bagn\u00e8res Tarbes Lourdes Pau Lannemezan Architecture Construction Extension Permis de Construire Attestation de Travaux\" srcset=\"https:\/\/atelier-bram.com\/wp-content\/uploads\/2026\/01\/MEP-03-6-scaled.png 2560w, https:\/\/atelier-bram.com\/wp-content\/uploads\/2026\/01\/MEP-03-6-300x221.png 300w, https:\/\/atelier-bram.com\/wp-content\/uploads\/2026\/01\/MEP-03-6-1024x756.png 1024w, https:\/\/atelier-bram.com\/wp-content\/uploads\/2026\/01\/MEP-03-6-768x567.png 768w, https:\/\/atelier-bram.com\/wp-content\/uploads\/2026\/01\/MEP-03-6-1536x1134.png 1536w, https:\/\/atelier-bram.com\/wp-content\/uploads\/2026\/01\/MEP-03-6-2048x1512.png 2048w\" sizes=\"(max-width: 2560px) 100vw, 2560px\" \/>\t\t\t\t\t\t\t\t\t\t\t\t\t\t\t<\/div>\n\t\t\t\t<\/div>\n\t\t\t\t<\/div>\n\t\t<div class=\"elementor-element elementor-element-e1e44d2 e-con-full e-flex e-con e-parent\" data-id=\"e1e44d2\" data-element_type=\"container\">\n\t\t\t\t<div class=\"elementor-element elementor-element-d41c653 elementor-widget__width-inherit elementor-widget elementor-widget-image\" data-id=\"d41c653\" data-element_type=\"widget\" data-widget_type=\"image.default\">\n\t\t\t\t<div class=\"elementor-widget-container\">\n\t\t\t\t\t\t\t\t\t\t\t\t\t\t\t<img loading=\"lazy\" decoding=\"async\" width=\"2560\" height=\"1260\" src=\"https:\/\/atelier-bram.com\/wp-content\/uploads\/2026\/01\/MEP-05.4-scaled.png\" class=\"attachment-full size-full wp-image-1944\" alt=\"Grange R\u00e9novation Baud\u00e9an Campan Bagn\u00e8res Tarbes Lourdes Pau Lannemezan Architecture Construction Extension Permis de Construire Attestation de Travaux\" srcset=\"https:\/\/atelier-bram.com\/wp-content\/uploads\/2026\/01\/MEP-05.4-scaled.png 2560w, https:\/\/atelier-bram.com\/wp-content\/uploads\/2026\/01\/MEP-05.4-300x148.png 300w, https:\/\/atelier-bram.com\/wp-content\/uploads\/2026\/01\/MEP-05.4-1024x504.png 1024w, https:\/\/atelier-bram.com\/wp-content\/uploads\/2026\/01\/MEP-05.4-768x378.png 768w, https:\/\/atelier-bram.com\/wp-content\/uploads\/2026\/01\/MEP-05.4-1536x756.png 1536w, https:\/\/atelier-bram.com\/wp-content\/uploads\/2026\/01\/MEP-05.4-2048x1008.png 2048w\" sizes=\"(max-width: 2560px) 100vw, 2560px\" \/>\t\t\t\t\t\t\t\t\t\t\t\t\t\t\t<\/div>\n\t\t\t\t<\/div>\n\t\t\t\t<\/div>\n\t\t<div class=\"elementor-element elementor-element-940514f e-con-full e-flex e-con e-parent\" data-id=\"940514f\" data-element_type=\"container\">\n\t\t\t\t<div class=\"elementor-element elementor-element-42ea73f elementor-widget__width-inherit elementor-widget elementor-widget-image\" data-id=\"42ea73f\" data-element_type=\"widget\" data-widget_type=\"image.default\">\n\t\t\t\t<div class=\"elementor-widget-container\">\n\t\t\t\t\t\t\t\t\t\t\t\t<figure class=\"wp-caption\">\n\t\t\t\t\t\t\t\t\t\t<img loading=\"lazy\" decoding=\"async\" width=\"2560\" height=\"1260\" src=\"https:\/\/atelier-bram.com\/wp-content\/uploads\/2026\/01\/MEP-06-scaled.png\" class=\"attachment-full size-full wp-image-1945\" alt=\"Grange R\u00e9novation Baud\u00e9an Campan Bagn\u00e8res Tarbes Lourdes Pau Lannemezan Architecture Construction Extension Permis de Construire Attestation de Travaux\" srcset=\"https:\/\/atelier-bram.com\/wp-content\/uploads\/2026\/01\/MEP-06-scaled.png 2560w, https:\/\/atelier-bram.com\/wp-content\/uploads\/2026\/01\/MEP-06-300x148.png 300w, https:\/\/atelier-bram.com\/wp-content\/uploads\/2026\/01\/MEP-06-1024x504.png 1024w, https:\/\/atelier-bram.com\/wp-content\/uploads\/2026\/01\/MEP-06-768x378.png 768w, https:\/\/atelier-bram.com\/wp-content\/uploads\/2026\/01\/MEP-06-1536x756.png 1536w, https:\/\/atelier-bram.com\/wp-content\/uploads\/2026\/01\/MEP-06-2048x1008.png 2048w\" sizes=\"(max-width: 2560px) 100vw, 2560px\" \/>\t\t\t\t\t\t\t\t\t\t\t<figcaption class=\"widget-image-caption wp-caption-text\">Grange R\u00e9novation Baud\u00e9an Campan Bagn\u00e8res Tarbes Lourdes Pau Lannemezan Architecture Construction Extension Permis de Construire Attestation de Travaux<\/figcaption>\n\t\t\t\t\t\t\t\t\t\t<\/figure>\n\t\t\t\t\t\t\t\t\t<\/div>\n\t\t\t\t<\/div>\n\t\t\t\t<\/div>\n\t\t\t\t<\/div>\n\t\t","protected":false},"excerpt":{"rendered":"<p>Grange R\u00e9novation Baud\u00e9an Campan Bagn\u00e8res Tarbes Lourdes Pau Lannemezan Architecture Construction Extension Permis de Construire Attestation de Travaux<\/p>\n","protected":false},"author":1,"featured_media":0,"parent":0,"menu_order":0,"comment_status":"closed","ping_status":"closed","template":"","meta":{"site-sidebar-layout":"no-sidebar","site-content-layout":"","ast-site-content-layout":"full-width-container","site-content-style":"default","site-sidebar-style":"default","ast-global-header-display":"","ast-banner-title-visibility":"","ast-main-header-display":"","ast-hfb-above-header-display":"","ast-hfb-below-header-display":"","ast-hfb-mobile-header-display":"","site-post-title":"","ast-breadcrumbs-content":"","ast-featured-img":"disabled","footer-sml-layout":"","ast-disable-related-posts":"","theme-transparent-header-meta":"","adv-header-id-meta":"","stick-header-meta":"","header-above-stick-meta":"","header-main-stick-meta":"","header-below-stick-meta":"","astra-migrate-meta-layouts":"default","ast-page-background-enabled":"default","ast-page-background-meta":{"desktop":{"background-color":"var(--ast-global-color-4)","background-image":"","background-repeat":"repeat","background-position":"center center","background-size":"auto","background-attachment":"scroll","background-type":"","background-media":"","overlay-type":"","overlay-color":"","overlay-opacity":"","overlay-gradient":""},"tablet":{"background-color":"","background-image":"","background-repeat":"repeat","background-position":"center center","background-size":"auto","background-attachment":"scroll","background-type":"","background-media":"","overlay-type":"","overlay-color":"","overlay-opacity":"","overlay-gradient":""},"mobile":{"background-color":"","background-image":"","background-repeat":"repeat","background-position":"center center","background-size":"auto","background-attachment":"scroll","background-type":"","background-media":"","overlay-type":"","overlay-color":"","overlay-opacity":"","overlay-gradient":""}},"ast-content-background-meta":{"desktop":{"background-color":"var(--ast-global-color-5)","background-image":"","background-repeat":"repeat","background-position":"center center","background-size":"auto","background-attachment":"scroll","background-type":"","background-media":"","overlay-type":"","overlay-color":"","overlay-opacity":"","overlay-gradient":""},"tablet":{"background-color":"var(--ast-global-color-5)","background-image":"","background-repeat":"repeat","background-position":"center center","background-size":"auto","background-attachment":"scroll","background-type":"","background-media":"","overlay-type":"","overlay-color":"","overlay-opacity":"","overlay-gradient":""},"mobile":{"background-color":"var(--ast-global-color-5)","background-image":"","background-repeat":"repeat","background-position":"center center","background-size":"auto","background-attachment":"scroll","background-type":"","background-media":"","overlay-type":"","overlay-color":"","overlay-opacity":"","overlay-gradient":""}},"footnotes":""},"class_list":["post-1938","page","type-page","status-publish","hentry"],"yoast_head":"<!-- This site is optimized with the Yoast SEO plugin v26.8 - https:\/\/yoast.com\/product\/yoast-seo-wordpress\/ -->\n<title>Grange Larrey | Atelier Bram | Architecture<\/title>\n<meta name=\"robots\" content=\"index, follow, max-snippet:-1, max-image-preview:large, max-video-preview:-1\" \/>\n<link rel=\"canonical\" href=\"https:\/\/atelier-bram.com\/index.php\/grange-larrey\/\" \/>\n<meta property=\"og:locale\" content=\"fr_FR\" \/>\n<meta property=\"og:type\" content=\"article\" \/>\n<meta property=\"og:title\" content=\"Grange Larrey | Atelier Bram | Architecture\" \/>\n<meta property=\"og:description\" content=\"Grange R\u00e9novation Baud\u00e9an Campan Bagn\u00e8res Tarbes Lourdes Pau Lannemezan Architecture Construction Extension Permis de Construire Attestation de Travaux\" \/>\n<meta property=\"og:url\" content=\"https:\/\/atelier-bram.com\/index.php\/grange-larrey\/\" \/>\n<meta property=\"og:site_name\" content=\"Atelier Bram | Architecture\" \/>\n<meta property=\"article:modified_time\" content=\"2026-01-22T10:31:44+00:00\" \/>\n<meta property=\"og:image\" content=\"https:\/\/atelier-bram.com\/wp-content\/uploads\/2026\/01\/MEP-01-6-1024x777.png\" \/>\n\t<meta property=\"og:image:width\" content=\"1024\" \/>\n\t<meta property=\"og:image:height\" content=\"777\" \/>\n\t<meta property=\"og:image:type\" content=\"image\/png\" \/>\n<meta name=\"twitter:card\" content=\"summary_large_image\" \/>\n<meta name=\"twitter:label1\" content=\"Dur\u00e9e de lecture estim\u00e9e\" \/>\n\t<meta name=\"twitter:data1\" content=\"2 minutes\" \/>\n<script type=\"application\/ld+json\" class=\"yoast-schema-graph\">{\"@context\":\"https:\/\/schema.org\",\"@graph\":[{\"@type\":\"WebPage\",\"@id\":\"https:\/\/atelier-bram.com\/index.php\/grange-larrey\/\",\"url\":\"https:\/\/atelier-bram.com\/index.php\/grange-larrey\/\",\"name\":\"Grange Larrey | Atelier Bram | Architecture\",\"isPartOf\":{\"@id\":\"https:\/\/atelier-bram.com\/#website\"},\"primaryImageOfPage\":{\"@id\":\"https:\/\/atelier-bram.com\/index.php\/grange-larrey\/#primaryimage\"},\"image\":{\"@id\":\"https:\/\/atelier-bram.com\/index.php\/grange-larrey\/#primaryimage\"},\"thumbnailUrl\":\"https:\/\/atelier-bram.com\/wp-content\/uploads\/2026\/01\/MEP-01-6-scaled.png\",\"datePublished\":\"2026-01-22T09:51:39+00:00\",\"dateModified\":\"2026-01-22T10:31:44+00:00\",\"breadcrumb\":{\"@id\":\"https:\/\/atelier-bram.com\/index.php\/grange-larrey\/#breadcrumb\"},\"inLanguage\":\"fr-FR\",\"potentialAction\":[{\"@type\":\"ReadAction\",\"target\":[\"https:\/\/atelier-bram.com\/index.php\/grange-larrey\/\"]}]},{\"@type\":\"ImageObject\",\"inLanguage\":\"fr-FR\",\"@id\":\"https:\/\/atelier-bram.com\/index.php\/grange-larrey\/#primaryimage\",\"url\":\"https:\/\/atelier-bram.com\/wp-content\/uploads\/2026\/01\/MEP-01-6-scaled.png\",\"contentUrl\":\"https:\/\/atelier-bram.com\/wp-content\/uploads\/2026\/01\/MEP-01-6-scaled.png\",\"width\":2560,\"height\":1942,\"caption\":\"Grange R\u00e9novation Baud\u00e9an Campan Bagn\u00e8res Tarbes Lourdes Pau Lannemezan Architecture Construction Extension Permis de Construire Attestation de Travaux\"},{\"@type\":\"BreadcrumbList\",\"@id\":\"https:\/\/atelier-bram.com\/index.php\/grange-larrey\/#breadcrumb\",\"itemListElement\":[{\"@type\":\"ListItem\",\"position\":1,\"name\":\"Accueil\",\"item\":\"https:\/\/atelier-bram.com\/\"},{\"@type\":\"ListItem\",\"position\":2,\"name\":\"Grange Larrey\"}]},{\"@type\":\"WebSite\",\"@id\":\"https:\/\/atelier-bram.com\/#website\",\"url\":\"https:\/\/atelier-bram.com\/\",\"name\":\"Atelier Bram | Architecture\",\"description\":\"L&#039;atelier Bram est une agence d&#039;architecture cr\u00e9\u00e9e en 2023 par quatre associ\u00e9s.\",\"publisher\":{\"@id\":\"https:\/\/atelier-bram.com\/#organization\"},\"alternateName\":\"Bram Architecture\",\"potentialAction\":[{\"@type\":\"SearchAction\",\"target\":{\"@type\":\"EntryPoint\",\"urlTemplate\":\"https:\/\/atelier-bram.com\/?s={search_term_string}\"},\"query-input\":{\"@type\":\"PropertyValueSpecification\",\"valueRequired\":true,\"valueName\":\"search_term_string\"}}],\"inLanguage\":\"fr-FR\"},{\"@type\":\"Organization\",\"@id\":\"https:\/\/atelier-bram.com\/#organization\",\"name\":\"Bram\",\"alternateName\":\"Atelier Bram\",\"url\":\"https:\/\/atelier-bram.com\/\",\"logo\":{\"@type\":\"ImageObject\",\"inLanguage\":\"fr-FR\",\"@id\":\"https:\/\/atelier-bram.com\/#\/schema\/logo\/image\/\",\"url\":\"https:\/\/atelier-bram.com\/wp-content\/uploads\/2023\/11\/Bram-L-Bleu-scaled.png\",\"contentUrl\":\"https:\/\/atelier-bram.com\/wp-content\/uploads\/2023\/11\/Bram-L-Bleu-scaled.png\",\"width\":2213,\"height\":2560,\"caption\":\"Bram\"},\"image\":{\"@id\":\"https:\/\/atelier-bram.com\/#\/schema\/logo\/image\/\"}}]}<\/script>\n<!-- \/ Yoast SEO plugin. -->","yoast_head_json":{"title":"Grange Larrey | Atelier Bram | Architecture","robots":{"index":"index","follow":"follow","max-snippet":"max-snippet:-1","max-image-preview":"max-image-preview:large","max-video-preview":"max-video-preview:-1"},"canonical":"https:\/\/atelier-bram.com\/index.php\/grange-larrey\/","og_locale":"fr_FR","og_type":"article","og_title":"Grange Larrey | Atelier Bram | Architecture","og_description":"Grange R\u00e9novation Baud\u00e9an Campan Bagn\u00e8res Tarbes Lourdes Pau Lannemezan Architecture Construction Extension Permis de Construire Attestation de Travaux","og_url":"https:\/\/atelier-bram.com\/index.php\/grange-larrey\/","og_site_name":"Atelier Bram | Architecture","article_modified_time":"2026-01-22T10:31:44+00:00","og_image":[{"width":1024,"height":777,"url":"https:\/\/atelier-bram.com\/wp-content\/uploads\/2026\/01\/MEP-01-6-1024x777.png","type":"image\/png"}],"twitter_card":"summary_large_image","twitter_misc":{"Dur\u00e9e de lecture estim\u00e9e":"2 minutes"},"schema":{"@context":"https:\/\/schema.org","@graph":[{"@type":"WebPage","@id":"https:\/\/atelier-bram.com\/index.php\/grange-larrey\/","url":"https:\/\/atelier-bram.com\/index.php\/grange-larrey\/","name":"Grange Larrey | Atelier Bram | Architecture","isPartOf":{"@id":"https:\/\/atelier-bram.com\/#website"},"primaryImageOfPage":{"@id":"https:\/\/atelier-bram.com\/index.php\/grange-larrey\/#primaryimage"},"image":{"@id":"https:\/\/atelier-bram.com\/index.php\/grange-larrey\/#primaryimage"},"thumbnailUrl":"https:\/\/atelier-bram.com\/wp-content\/uploads\/2026\/01\/MEP-01-6-scaled.png","datePublished":"2026-01-22T09:51:39+00:00","dateModified":"2026-01-22T10:31:44+00:00","breadcrumb":{"@id":"https:\/\/atelier-bram.com\/index.php\/grange-larrey\/#breadcrumb"},"inLanguage":"fr-FR","potentialAction":[{"@type":"ReadAction","target":["https:\/\/atelier-bram.com\/index.php\/grange-larrey\/"]}]},{"@type":"ImageObject","inLanguage":"fr-FR","@id":"https:\/\/atelier-bram.com\/index.php\/grange-larrey\/#primaryimage","url":"https:\/\/atelier-bram.com\/wp-content\/uploads\/2026\/01\/MEP-01-6-scaled.png","contentUrl":"https:\/\/atelier-bram.com\/wp-content\/uploads\/2026\/01\/MEP-01-6-scaled.png","width":2560,"height":1942,"caption":"Grange R\u00e9novation Baud\u00e9an Campan Bagn\u00e8res Tarbes Lourdes Pau Lannemezan Architecture Construction Extension Permis de Construire Attestation de Travaux"},{"@type":"BreadcrumbList","@id":"https:\/\/atelier-bram.com\/index.php\/grange-larrey\/#breadcrumb","itemListElement":[{"@type":"ListItem","position":1,"name":"Accueil","item":"https:\/\/atelier-bram.com\/"},{"@type":"ListItem","position":2,"name":"Grange Larrey"}]},{"@type":"WebSite","@id":"https:\/\/atelier-bram.com\/#website","url":"https:\/\/atelier-bram.com\/","name":"Atelier Bram | Architecture","description":"L&#039;atelier Bram est une agence d&#039;architecture cr\u00e9\u00e9e en 2023 par quatre associ\u00e9s.","publisher":{"@id":"https:\/\/atelier-bram.com\/#organization"},"alternateName":"Bram Architecture","potentialAction":[{"@type":"SearchAction","target":{"@type":"EntryPoint","urlTemplate":"https:\/\/atelier-bram.com\/?s={search_term_string}"},"query-input":{"@type":"PropertyValueSpecification","valueRequired":true,"valueName":"search_term_string"}}],"inLanguage":"fr-FR"},{"@type":"Organization","@id":"https:\/\/atelier-bram.com\/#organization","name":"Bram","alternateName":"Atelier Bram","url":"https:\/\/atelier-bram.com\/","logo":{"@type":"ImageObject","inLanguage":"fr-FR","@id":"https:\/\/atelier-bram.com\/#\/schema\/logo\/image\/","url":"https:\/\/atelier-bram.com\/wp-content\/uploads\/2023\/11\/Bram-L-Bleu-scaled.png","contentUrl":"https:\/\/atelier-bram.com\/wp-content\/uploads\/2023\/11\/Bram-L-Bleu-scaled.png","width":2213,"height":2560,"caption":"Bram"},"image":{"@id":"https:\/\/atelier-bram.com\/#\/schema\/logo\/image\/"}}]}},"_links":{"self":[{"href":"https:\/\/atelier-bram.com\/index.php\/wp-json\/wp\/v2\/pages\/1938","targetHints":{"allow":["GET"]}}],"collection":[{"href":"https:\/\/atelier-bram.com\/index.php\/wp-json\/wp\/v2\/pages"}],"about":[{"href":"https:\/\/atelier-bram.com\/index.php\/wp-json\/wp\/v2\/types\/page"}],"author":[{"embeddable":true,"href":"https:\/\/atelier-bram.com\/index.php\/wp-json\/wp\/v2\/users\/1"}],"replies":[{"embeddable":true,"href":"https:\/\/atelier-bram.com\/index.php\/wp-json\/wp\/v2\/comments?post=1938"}],"version-history":[{"count":8,"href":"https:\/\/atelier-bram.com\/index.php\/wp-json\/wp\/v2\/pages\/1938\/revisions"}],"predecessor-version":[{"id":1954,"href":"https:\/\/atelier-bram.com\/index.php\/wp-json\/wp\/v2\/pages\/1938\/revisions\/1954"}],"wp:attachment":[{"href":"https:\/\/atelier-bram.com\/index.php\/wp-json\/wp\/v2\/media?parent=1938"}],"curies":[{"name":"wp","href":"https:\/\/api.w.org\/{rel}","templated":true}]}}