{"id":1913,"date":"2026-01-22T09:28:37","date_gmt":"2026-01-22T08:28:37","guid":{"rendered":"https:\/\/atelier-bram.com\/?page_id=1913"},"modified":"2026-01-22T10:49:28","modified_gmt":"2026-01-22T09:49:28","slug":"alda","status":"publish","type":"page","link":"https:\/\/atelier-bram.com\/index.php\/alda\/","title":{"rendered":"Alda"},"content":{"rendered":"\t\t<div data-elementor-type=\"wp-page\" data-elementor-id=\"1913\" class=\"elementor elementor-1913\">\n\t\t\t\t<div class=\"elementor-element elementor-element-d79e8b1 e-con-full e-flex e-con e-parent\" data-id=\"d79e8b1\" data-element_type=\"container\">\n\t\t\t\t<div class=\"elementor-element elementor-element-392264c elementor-widget__width-inherit elementor-widget elementor-widget-image\" data-id=\"392264c\" data-element_type=\"widget\" data-widget_type=\"image.default\">\n\t\t\t\t<div class=\"elementor-widget-container\">\n\t\t\t\t\t\t\t\t\t\t\t\t\t\t\t\t<a href=\"https:\/\/atelier-bram.com\/index.php\/realisations-architectes-bagneres-de-bigorre\/\">\n\t\t\t\t\t\t\t<img fetchpriority=\"high\" decoding=\"async\" width=\"2560\" height=\"1942\" src=\"https:\/\/atelier-bram.com\/wp-content\/uploads\/2026\/01\/MEP-01-5-scaled.png\" class=\"attachment-full size-full wp-image-1916\" alt=\"R\u00e9novation Construction Architecture Appartement Maison Bagn\u00e8res de Bigorre Toulouse Tarbes Lourdes Pau Lannemezan Bram Architecte Permis de Construire Attestation de Travaux\" srcset=\"https:\/\/atelier-bram.com\/wp-content\/uploads\/2026\/01\/MEP-01-5-scaled.png 2560w, https:\/\/atelier-bram.com\/wp-content\/uploads\/2026\/01\/MEP-01-5-300x228.png 300w, https:\/\/atelier-bram.com\/wp-content\/uploads\/2026\/01\/MEP-01-5-1024x777.png 1024w, https:\/\/atelier-bram.com\/wp-content\/uploads\/2026\/01\/MEP-01-5-768x583.png 768w, https:\/\/atelier-bram.com\/wp-content\/uploads\/2026\/01\/MEP-01-5-1536x1165.png 1536w, https:\/\/atelier-bram.com\/wp-content\/uploads\/2026\/01\/MEP-01-5-2048x1554.png 2048w\" sizes=\"(max-width: 2560px) 100vw, 2560px\" \/>\t\t\t\t\t\t\t\t<\/a>\n\t\t\t\t\t\t\t\t\t\t\t\t\t\t\t<\/div>\n\t\t\t\t<\/div>\n\t\t\t\t<\/div>\n\t\t<div class=\"elementor-element elementor-element-574d9a1 e-con-full e-flex e-con e-parent\" data-id=\"574d9a1\" data-element_type=\"container\">\n\t\t\t\t<div class=\"elementor-element elementor-element-6a297cd elementor-widget__width-inherit elementor-widget elementor-widget-image\" data-id=\"6a297cd\" data-element_type=\"widget\" data-widget_type=\"image.default\">\n\t\t\t\t<div class=\"elementor-widget-container\">\n\t\t\t\t\t\t\t\t\t\t\t\t\t\t\t<img decoding=\"async\" width=\"2560\" height=\"1364\" src=\"https:\/\/atelier-bram.com\/wp-content\/uploads\/2026\/01\/MEP-02-5-scaled.png\" class=\"attachment-full size-full wp-image-1920\" alt=\"R\u00e9novation Construction Architecture Appartement Maison Bagn\u00e8res de Bigorre Toulouse Tarbes Lourdes Pau Lannemezan Bram Architecte Permis de Construire Attestation de Travaux\" srcset=\"https:\/\/atelier-bram.com\/wp-content\/uploads\/2026\/01\/MEP-02-5-scaled.png 2560w, https:\/\/atelier-bram.com\/wp-content\/uploads\/2026\/01\/MEP-02-5-300x160.png 300w, https:\/\/atelier-bram.com\/wp-content\/uploads\/2026\/01\/MEP-02-5-1024x546.png 1024w, https:\/\/atelier-bram.com\/wp-content\/uploads\/2026\/01\/MEP-02-5-768x409.png 768w, https:\/\/atelier-bram.com\/wp-content\/uploads\/2026\/01\/MEP-02-5-1536x819.png 1536w, https:\/\/atelier-bram.com\/wp-content\/uploads\/2026\/01\/MEP-02-5-2048x1092.png 2048w\" sizes=\"(max-width: 2560px) 100vw, 2560px\" \/>\t\t\t\t\t\t\t\t\t\t\t\t\t\t\t<\/div>\n\t\t\t\t<\/div>\n\t\t\t\t<\/div>\n\t\t<div class=\"elementor-element elementor-element-7d82231 e-con-full e-flex e-con e-parent\" data-id=\"7d82231\" data-element_type=\"container\">\n\t\t\t\t<div class=\"elementor-element elementor-element-e3e4f22 elementor-widget__width-inherit elementor-widget elementor-widget-image\" data-id=\"e3e4f22\" data-element_type=\"widget\" data-widget_type=\"image.default\">\n\t\t\t\t<div class=\"elementor-widget-container\">\n\t\t\t\t\t\t\t\t\t\t\t\t\t\t\t<img decoding=\"async\" width=\"2560\" height=\"1470\" src=\"https:\/\/atelier-bram.com\/wp-content\/uploads\/2026\/01\/MEP-03-5-scaled.png\" class=\"attachment-full size-full wp-image-1921\" alt=\"R\u00e9novation Construction Architecture Appartement Maison Bagn\u00e8res de Bigorre Toulouse Tarbes Lourdes Pau Lannemezan Bram Architecte Permis de Construire Attestation de Travaux\" srcset=\"https:\/\/atelier-bram.com\/wp-content\/uploads\/2026\/01\/MEP-03-5-scaled.png 2560w, https:\/\/atelier-bram.com\/wp-content\/uploads\/2026\/01\/MEP-03-5-300x172.png 300w, https:\/\/atelier-bram.com\/wp-content\/uploads\/2026\/01\/MEP-03-5-1024x588.png 1024w, https:\/\/atelier-bram.com\/wp-content\/uploads\/2026\/01\/MEP-03-5-768x441.png 768w, https:\/\/atelier-bram.com\/wp-content\/uploads\/2026\/01\/MEP-03-5-1536x882.png 1536w, https:\/\/atelier-bram.com\/wp-content\/uploads\/2026\/01\/MEP-03-5-2048x1176.png 2048w\" sizes=\"(max-width: 2560px) 100vw, 2560px\" \/>\t\t\t\t\t\t\t\t\t\t\t\t\t\t\t<\/div>\n\t\t\t\t<\/div>\n\t\t\t\t<\/div>\n\t\t<div class=\"elementor-element elementor-element-bb7a1d6 e-con-full e-flex e-con e-parent\" data-id=\"bb7a1d6\" data-element_type=\"container\">\n\t\t\t\t<div class=\"elementor-element elementor-element-7efb6df elementor-widget__width-inherit elementor-widget elementor-widget-image\" data-id=\"7efb6df\" data-element_type=\"widget\" data-widget_type=\"image.default\">\n\t\t\t\t<div class=\"elementor-widget-container\">\n\t\t\t\t\t\t\t\t\t\t\t\t\t\t\t<img loading=\"lazy\" decoding=\"async\" width=\"2560\" height=\"1470\" src=\"https:\/\/atelier-bram.com\/wp-content\/uploads\/2026\/01\/MEP-04-4-scaled.png\" class=\"attachment-full size-full wp-image-1925\" alt=\"R\u00e9novation Construction Architecture Appartement Maison Bagn\u00e8res de Bigorre Toulouse Tarbes Lourdes Pau Lannemezan Bram Architecte Permis de Construire Attestation de Travaux\" srcset=\"https:\/\/atelier-bram.com\/wp-content\/uploads\/2026\/01\/MEP-04-4-scaled.png 2560w, https:\/\/atelier-bram.com\/wp-content\/uploads\/2026\/01\/MEP-04-4-300x172.png 300w, https:\/\/atelier-bram.com\/wp-content\/uploads\/2026\/01\/MEP-04-4-1024x588.png 1024w, https:\/\/atelier-bram.com\/wp-content\/uploads\/2026\/01\/MEP-04-4-768x441.png 768w, https:\/\/atelier-bram.com\/wp-content\/uploads\/2026\/01\/MEP-04-4-1536x882.png 1536w, https:\/\/atelier-bram.com\/wp-content\/uploads\/2026\/01\/MEP-04-4-2048x1176.png 2048w\" sizes=\"(max-width: 2560px) 100vw, 2560px\" \/>\t\t\t\t\t\t\t\t\t\t\t\t\t\t\t<\/div>\n\t\t\t\t<\/div>\n\t\t\t\t<\/div>\n\t\t<div class=\"elementor-element elementor-element-a576470 e-con-full e-flex e-con e-parent\" data-id=\"a576470\" data-element_type=\"container\">\n\t\t\t\t<div class=\"elementor-element elementor-element-4001e81 elementor-widget__width-inherit elementor-widget elementor-widget-image\" data-id=\"4001e81\" data-element_type=\"widget\" data-widget_type=\"image.default\">\n\t\t\t\t<div class=\"elementor-widget-container\">\n\t\t\t\t\t\t\t\t\t\t\t\t<figure class=\"wp-caption\">\n\t\t\t\t\t\t\t\t\t\t<img loading=\"lazy\" decoding=\"async\" width=\"2560\" height=\"1470\" src=\"https:\/\/atelier-bram.com\/wp-content\/uploads\/2026\/01\/MEP-05.3-scaled.png\" class=\"attachment-full size-full wp-image-1931\" alt=\"R\u00e9novation Construction Architecture Appartement Maison Bagn\u00e8res de Bigorre Toulouse Tarbes Lourdes Pau Lannemezan Bram Architecte Permis de Construire Attestation de Travaux\" srcset=\"https:\/\/atelier-bram.com\/wp-content\/uploads\/2026\/01\/MEP-05.3-scaled.png 2560w, https:\/\/atelier-bram.com\/wp-content\/uploads\/2026\/01\/MEP-05.3-300x172.png 300w, https:\/\/atelier-bram.com\/wp-content\/uploads\/2026\/01\/MEP-05.3-1024x588.png 1024w, https:\/\/atelier-bram.com\/wp-content\/uploads\/2026\/01\/MEP-05.3-768x441.png 768w, https:\/\/atelier-bram.com\/wp-content\/uploads\/2026\/01\/MEP-05.3-1536x882.png 1536w, https:\/\/atelier-bram.com\/wp-content\/uploads\/2026\/01\/MEP-05.3-2048x1176.png 2048w\" sizes=\"(max-width: 2560px) 100vw, 2560px\" \/>\t\t\t\t\t\t\t\t\t\t\t<figcaption class=\"widget-image-caption wp-caption-text\">R\u00e9novation Construction Architecture Appartement Maison Bagn\u00e8res de Bigorre Toulouse Tarbes Lourdes Pau Lannemezan Bram Architecte Permis de Construire Attestation de Travaux<\/figcaption>\n\t\t\t\t\t\t\t\t\t\t<\/figure>\n\t\t\t\t\t\t\t\t\t<\/div>\n\t\t\t\t<\/div>\n\t\t\t\t<\/div>\n\t\t\t\t<\/div>\n\t\t","protected":false},"excerpt":{"rendered":"<p>R\u00e9novation Construction Architecture Appartement Maison Bagn\u00e8res de Bigorre Toulouse Tarbes Lourdes Pau Lannemezan Bram Architecte Permis de Construire Attestation de Travaux<\/p>\n","protected":false},"author":1,"featured_media":0,"parent":0,"menu_order":0,"comment_status":"closed","ping_status":"closed","template":"","meta":{"site-sidebar-layout":"no-sidebar","site-content-layout":"","ast-site-content-layout":"full-width-container","site-content-style":"default","site-sidebar-style":"default","ast-global-header-display":"","ast-banner-title-visibility":"","ast-main-header-display":"","ast-hfb-above-header-display":"","ast-hfb-below-header-display":"","ast-hfb-mobile-header-display":"","site-post-title":"","ast-breadcrumbs-content":"","ast-featured-img":"disabled","footer-sml-layout":"","ast-disable-related-posts":"","theme-transparent-header-meta":"","adv-header-id-meta":"","stick-header-meta":"","header-above-stick-meta":"","header-main-stick-meta":"","header-below-stick-meta":"","astra-migrate-meta-layouts":"default","ast-page-background-enabled":"default","ast-page-background-meta":{"desktop":{"background-color":"var(--ast-global-color-4)","background-image":"","background-repeat":"repeat","background-position":"center center","background-size":"auto","background-attachment":"scroll","background-type":"","background-media":"","overlay-type":"","overlay-color":"","overlay-opacity":"","overlay-gradient":""},"tablet":{"background-color":"","background-image":"","background-repeat":"repeat","background-position":"center center","background-size":"auto","background-attachment":"scroll","background-type":"","background-media":"","overlay-type":"","overlay-color":"","overlay-opacity":"","overlay-gradient":""},"mobile":{"background-color":"","background-image":"","background-repeat":"repeat","background-position":"center center","background-size":"auto","background-attachment":"scroll","background-type":"","background-media":"","overlay-type":"","overlay-color":"","overlay-opacity":"","overlay-gradient":""}},"ast-content-background-meta":{"desktop":{"background-color":"var(--ast-global-color-5)","background-image":"","background-repeat":"repeat","background-position":"center center","background-size":"auto","background-attachment":"scroll","background-type":"","background-media":"","overlay-type":"","overlay-color":"","overlay-opacity":"","overlay-gradient":""},"tablet":{"background-color":"var(--ast-global-color-5)","background-image":"","background-repeat":"repeat","background-position":"center center","background-size":"auto","background-attachment":"scroll","background-type":"","background-media":"","overlay-type":"","overlay-color":"","overlay-opacity":"","overlay-gradient":""},"mobile":{"background-color":"var(--ast-global-color-5)","background-image":"","background-repeat":"repeat","background-position":"center center","background-size":"auto","background-attachment":"scroll","background-type":"","background-media":"","overlay-type":"","overlay-color":"","overlay-opacity":"","overlay-gradient":""}},"footnotes":""},"class_list":["post-1913","page","type-page","status-publish","hentry"],"yoast_head":"<!-- This site is optimized with the Yoast SEO plugin v26.8 - https:\/\/yoast.com\/product\/yoast-seo-wordpress\/ -->\n<title>Alda | Atelier Bram | Architecture<\/title>\n<meta name=\"robots\" content=\"index, follow, max-snippet:-1, max-image-preview:large, max-video-preview:-1\" \/>\n<link rel=\"canonical\" href=\"https:\/\/atelier-bram.com\/index.php\/alda\/\" \/>\n<meta property=\"og:locale\" content=\"fr_FR\" \/>\n<meta property=\"og:type\" content=\"article\" \/>\n<meta property=\"og:title\" content=\"Alda | Atelier Bram | Architecture\" \/>\n<meta property=\"og:description\" content=\"R\u00e9novation Construction Architecture Appartement Maison Bagn\u00e8res de Bigorre Toulouse Tarbes Lourdes Pau Lannemezan Bram Architecte Permis de Construire Attestation de Travaux\" \/>\n<meta property=\"og:url\" content=\"https:\/\/atelier-bram.com\/index.php\/alda\/\" \/>\n<meta property=\"og:site_name\" content=\"Atelier Bram | Architecture\" \/>\n<meta property=\"article:modified_time\" content=\"2026-01-22T09:49:28+00:00\" \/>\n<meta property=\"og:image\" content=\"https:\/\/atelier-bram.com\/wp-content\/uploads\/2026\/01\/MEP-01-5-1024x777.png\" \/>\n\t<meta property=\"og:image:width\" content=\"1024\" \/>\n\t<meta property=\"og:image:height\" content=\"777\" \/>\n\t<meta property=\"og:image:type\" content=\"image\/png\" \/>\n<meta name=\"twitter:card\" content=\"summary_large_image\" \/>\n<meta name=\"twitter:label1\" content=\"Dur\u00e9e de lecture estim\u00e9e\" \/>\n\t<meta name=\"twitter:data1\" content=\"2 minutes\" \/>\n<script type=\"application\/ld+json\" class=\"yoast-schema-graph\">{\"@context\":\"https:\/\/schema.org\",\"@graph\":[{\"@type\":\"WebPage\",\"@id\":\"https:\/\/atelier-bram.com\/index.php\/alda\/\",\"url\":\"https:\/\/atelier-bram.com\/index.php\/alda\/\",\"name\":\"Alda | Atelier Bram | Architecture\",\"isPartOf\":{\"@id\":\"https:\/\/atelier-bram.com\/#website\"},\"primaryImageOfPage\":{\"@id\":\"https:\/\/atelier-bram.com\/index.php\/alda\/#primaryimage\"},\"image\":{\"@id\":\"https:\/\/atelier-bram.com\/index.php\/alda\/#primaryimage\"},\"thumbnailUrl\":\"https:\/\/atelier-bram.com\/wp-content\/uploads\/2026\/01\/MEP-01-5-scaled.png\",\"datePublished\":\"2026-01-22T08:28:37+00:00\",\"dateModified\":\"2026-01-22T09:49:28+00:00\",\"breadcrumb\":{\"@id\":\"https:\/\/atelier-bram.com\/index.php\/alda\/#breadcrumb\"},\"inLanguage\":\"fr-FR\",\"potentialAction\":[{\"@type\":\"ReadAction\",\"target\":[\"https:\/\/atelier-bram.com\/index.php\/alda\/\"]}]},{\"@type\":\"ImageObject\",\"inLanguage\":\"fr-FR\",\"@id\":\"https:\/\/atelier-bram.com\/index.php\/alda\/#primaryimage\",\"url\":\"https:\/\/atelier-bram.com\/wp-content\/uploads\/2026\/01\/MEP-01-5-scaled.png\",\"contentUrl\":\"https:\/\/atelier-bram.com\/wp-content\/uploads\/2026\/01\/MEP-01-5-scaled.png\",\"width\":2560,\"height\":1942,\"caption\":\"R\u00e9novation Construction Architecture Appartement Maison Bagn\u00e8res de Bigorre Toulouse Tarbes Lourdes Pau Lannemezan Bram Architecte Permis de Construire Attestation de Travaux\"},{\"@type\":\"BreadcrumbList\",\"@id\":\"https:\/\/atelier-bram.com\/index.php\/alda\/#breadcrumb\",\"itemListElement\":[{\"@type\":\"ListItem\",\"position\":1,\"name\":\"Accueil\",\"item\":\"https:\/\/atelier-bram.com\/\"},{\"@type\":\"ListItem\",\"position\":2,\"name\":\"Alda\"}]},{\"@type\":\"WebSite\",\"@id\":\"https:\/\/atelier-bram.com\/#website\",\"url\":\"https:\/\/atelier-bram.com\/\",\"name\":\"Atelier Bram | Architecture\",\"description\":\"L&#039;atelier Bram est une agence d&#039;architecture cr\u00e9\u00e9e en 2023 par quatre associ\u00e9s.\",\"publisher\":{\"@id\":\"https:\/\/atelier-bram.com\/#organization\"},\"alternateName\":\"Bram Architecture\",\"potentialAction\":[{\"@type\":\"SearchAction\",\"target\":{\"@type\":\"EntryPoint\",\"urlTemplate\":\"https:\/\/atelier-bram.com\/?s={search_term_string}\"},\"query-input\":{\"@type\":\"PropertyValueSpecification\",\"valueRequired\":true,\"valueName\":\"search_term_string\"}}],\"inLanguage\":\"fr-FR\"},{\"@type\":\"Organization\",\"@id\":\"https:\/\/atelier-bram.com\/#organization\",\"name\":\"Bram\",\"alternateName\":\"Atelier Bram\",\"url\":\"https:\/\/atelier-bram.com\/\",\"logo\":{\"@type\":\"ImageObject\",\"inLanguage\":\"fr-FR\",\"@id\":\"https:\/\/atelier-bram.com\/#\/schema\/logo\/image\/\",\"url\":\"https:\/\/atelier-bram.com\/wp-content\/uploads\/2023\/11\/Bram-L-Bleu-scaled.png\",\"contentUrl\":\"https:\/\/atelier-bram.com\/wp-content\/uploads\/2023\/11\/Bram-L-Bleu-scaled.png\",\"width\":2213,\"height\":2560,\"caption\":\"Bram\"},\"image\":{\"@id\":\"https:\/\/atelier-bram.com\/#\/schema\/logo\/image\/\"}}]}<\/script>\n<!-- \/ Yoast SEO plugin. -->","yoast_head_json":{"title":"Alda | Atelier Bram | Architecture","robots":{"index":"index","follow":"follow","max-snippet":"max-snippet:-1","max-image-preview":"max-image-preview:large","max-video-preview":"max-video-preview:-1"},"canonical":"https:\/\/atelier-bram.com\/index.php\/alda\/","og_locale":"fr_FR","og_type":"article","og_title":"Alda | Atelier Bram | Architecture","og_description":"R\u00e9novation Construction Architecture Appartement Maison Bagn\u00e8res de Bigorre Toulouse Tarbes Lourdes Pau Lannemezan Bram Architecte Permis de Construire Attestation de Travaux","og_url":"https:\/\/atelier-bram.com\/index.php\/alda\/","og_site_name":"Atelier Bram | Architecture","article_modified_time":"2026-01-22T09:49:28+00:00","og_image":[{"width":1024,"height":777,"url":"https:\/\/atelier-bram.com\/wp-content\/uploads\/2026\/01\/MEP-01-5-1024x777.png","type":"image\/png"}],"twitter_card":"summary_large_image","twitter_misc":{"Dur\u00e9e de lecture estim\u00e9e":"2 minutes"},"schema":{"@context":"https:\/\/schema.org","@graph":[{"@type":"WebPage","@id":"https:\/\/atelier-bram.com\/index.php\/alda\/","url":"https:\/\/atelier-bram.com\/index.php\/alda\/","name":"Alda | Atelier Bram | Architecture","isPartOf":{"@id":"https:\/\/atelier-bram.com\/#website"},"primaryImageOfPage":{"@id":"https:\/\/atelier-bram.com\/index.php\/alda\/#primaryimage"},"image":{"@id":"https:\/\/atelier-bram.com\/index.php\/alda\/#primaryimage"},"thumbnailUrl":"https:\/\/atelier-bram.com\/wp-content\/uploads\/2026\/01\/MEP-01-5-scaled.png","datePublished":"2026-01-22T08:28:37+00:00","dateModified":"2026-01-22T09:49:28+00:00","breadcrumb":{"@id":"https:\/\/atelier-bram.com\/index.php\/alda\/#breadcrumb"},"inLanguage":"fr-FR","potentialAction":[{"@type":"ReadAction","target":["https:\/\/atelier-bram.com\/index.php\/alda\/"]}]},{"@type":"ImageObject","inLanguage":"fr-FR","@id":"https:\/\/atelier-bram.com\/index.php\/alda\/#primaryimage","url":"https:\/\/atelier-bram.com\/wp-content\/uploads\/2026\/01\/MEP-01-5-scaled.png","contentUrl":"https:\/\/atelier-bram.com\/wp-content\/uploads\/2026\/01\/MEP-01-5-scaled.png","width":2560,"height":1942,"caption":"R\u00e9novation Construction Architecture Appartement Maison Bagn\u00e8res de Bigorre Toulouse Tarbes Lourdes Pau Lannemezan Bram Architecte Permis de Construire Attestation de Travaux"},{"@type":"BreadcrumbList","@id":"https:\/\/atelier-bram.com\/index.php\/alda\/#breadcrumb","itemListElement":[{"@type":"ListItem","position":1,"name":"Accueil","item":"https:\/\/atelier-bram.com\/"},{"@type":"ListItem","position":2,"name":"Alda"}]},{"@type":"WebSite","@id":"https:\/\/atelier-bram.com\/#website","url":"https:\/\/atelier-bram.com\/","name":"Atelier Bram | Architecture","description":"L&#039;atelier Bram est une agence d&#039;architecture cr\u00e9\u00e9e en 2023 par quatre associ\u00e9s.","publisher":{"@id":"https:\/\/atelier-bram.com\/#organization"},"alternateName":"Bram Architecture","potentialAction":[{"@type":"SearchAction","target":{"@type":"EntryPoint","urlTemplate":"https:\/\/atelier-bram.com\/?s={search_term_string}"},"query-input":{"@type":"PropertyValueSpecification","valueRequired":true,"valueName":"search_term_string"}}],"inLanguage":"fr-FR"},{"@type":"Organization","@id":"https:\/\/atelier-bram.com\/#organization","name":"Bram","alternateName":"Atelier Bram","url":"https:\/\/atelier-bram.com\/","logo":{"@type":"ImageObject","inLanguage":"fr-FR","@id":"https:\/\/atelier-bram.com\/#\/schema\/logo\/image\/","url":"https:\/\/atelier-bram.com\/wp-content\/uploads\/2023\/11\/Bram-L-Bleu-scaled.png","contentUrl":"https:\/\/atelier-bram.com\/wp-content\/uploads\/2023\/11\/Bram-L-Bleu-scaled.png","width":2213,"height":2560,"caption":"Bram"},"image":{"@id":"https:\/\/atelier-bram.com\/#\/schema\/logo\/image\/"}}]}},"_links":{"self":[{"href":"https:\/\/atelier-bram.com\/index.php\/wp-json\/wp\/v2\/pages\/1913","targetHints":{"allow":["GET"]}}],"collection":[{"href":"https:\/\/atelier-bram.com\/index.php\/wp-json\/wp\/v2\/pages"}],"about":[{"href":"https:\/\/atelier-bram.com\/index.php\/wp-json\/wp\/v2\/types\/page"}],"author":[{"embeddable":true,"href":"https:\/\/atelier-bram.com\/index.php\/wp-json\/wp\/v2\/users\/1"}],"replies":[{"embeddable":true,"href":"https:\/\/atelier-bram.com\/index.php\/wp-json\/wp\/v2\/comments?post=1913"}],"version-history":[{"count":14,"href":"https:\/\/atelier-bram.com\/index.php\/wp-json\/wp\/v2\/pages\/1913\/revisions"}],"predecessor-version":[{"id":1937,"href":"https:\/\/atelier-bram.com\/index.php\/wp-json\/wp\/v2\/pages\/1913\/revisions\/1937"}],"wp:attachment":[{"href":"https:\/\/atelier-bram.com\/index.php\/wp-json\/wp\/v2\/media?parent=1913"}],"curies":[{"name":"wp","href":"https:\/\/api.w.org\/{rel}","templated":true}]}}