{"id":1879,"date":"2026-01-21T16:15:14","date_gmt":"2026-01-21T15:15:14","guid":{"rendered":"https:\/\/atelier-bram.com\/?page_id=1879"},"modified":"2026-01-21T16:35:40","modified_gmt":"2026-01-21T15:35:40","slug":"grange-aux-moutons","status":"publish","type":"page","link":"https:\/\/atelier-bram.com\/index.php\/grange-aux-moutons\/","title":{"rendered":"Grange aux moutons"},"content":{"rendered":"\t\t<div data-elementor-type=\"wp-page\" data-elementor-id=\"1879\" class=\"elementor elementor-1879\">\n\t\t\t\t<div class=\"elementor-element elementor-element-57ae010 e-con-full e-flex e-con e-parent\" data-id=\"57ae010\" data-element_type=\"container\">\n\t\t\t\t<div class=\"elementor-element elementor-element-25b1e9c elementor-widget elementor-widget-image\" data-id=\"25b1e9c\" data-element_type=\"widget\" data-widget_type=\"image.default\">\n\t\t\t\t<div class=\"elementor-widget-container\">\n\t\t\t\t\t\t\t\t\t\t\t\t\t\t\t\t<a href=\"https:\/\/atelier-bram.com\/index.php\/realisations-architectes-bagneres-de-bigorre\/\">\n\t\t\t\t\t\t\t<img fetchpriority=\"high\" decoding=\"async\" width=\"2560\" height=\"1575\" src=\"https:\/\/atelier-bram.com\/wp-content\/uploads\/2026\/01\/MEP-01-4-scaled.png\" class=\"attachment-full size-full wp-image-1882\" alt=\"Atelier Bram - Architecture - Bagn\u00e8res de Bigorre - Toulouse - Tarbes - Pyr\u00e9nn\u00e9es - Pau - Lannemezan\" srcset=\"https:\/\/atelier-bram.com\/wp-content\/uploads\/2026\/01\/MEP-01-4-scaled.png 2560w, https:\/\/atelier-bram.com\/wp-content\/uploads\/2026\/01\/MEP-01-4-300x185.png 300w, https:\/\/atelier-bram.com\/wp-content\/uploads\/2026\/01\/MEP-01-4-1024x630.png 1024w, https:\/\/atelier-bram.com\/wp-content\/uploads\/2026\/01\/MEP-01-4-768x473.png 768w, https:\/\/atelier-bram.com\/wp-content\/uploads\/2026\/01\/MEP-01-4-1536x945.png 1536w, https:\/\/atelier-bram.com\/wp-content\/uploads\/2026\/01\/MEP-01-4-2048x1260.png 2048w\" sizes=\"(max-width: 2560px) 100vw, 2560px\" \/>\t\t\t\t\t\t\t\t<\/a>\n\t\t\t\t\t\t\t\t\t\t\t\t\t\t\t<\/div>\n\t\t\t\t<\/div>\n\t\t\t\t<\/div>\n\t\t<div class=\"elementor-element elementor-element-b05578a e-con-full e-flex e-con e-parent\" data-id=\"b05578a\" data-element_type=\"container\">\n\t\t\t\t<div class=\"elementor-element elementor-element-7ed610c elementor-widget elementor-widget-image\" data-id=\"7ed610c\" data-element_type=\"widget\" data-widget_type=\"image.default\">\n\t\t\t\t<div class=\"elementor-widget-container\">\n\t\t\t\t\t\t\t\t\t\t\t\t\t\t\t<img decoding=\"async\" width=\"2560\" height=\"1260\" src=\"https:\/\/atelier-bram.com\/wp-content\/uploads\/2026\/01\/MEP-02-4-scaled.png\" class=\"attachment-full size-full wp-image-1883\" alt=\"Atelier Bram - Architecture - Bagn\u00e8res de Bigorre - Toulouse - Tarbes - Pyr\u00e9nn\u00e9es - Pau - Lannemezan\" srcset=\"https:\/\/atelier-bram.com\/wp-content\/uploads\/2026\/01\/MEP-02-4-scaled.png 2560w, https:\/\/atelier-bram.com\/wp-content\/uploads\/2026\/01\/MEP-02-4-300x148.png 300w, https:\/\/atelier-bram.com\/wp-content\/uploads\/2026\/01\/MEP-02-4-1024x504.png 1024w, https:\/\/atelier-bram.com\/wp-content\/uploads\/2026\/01\/MEP-02-4-768x378.png 768w, https:\/\/atelier-bram.com\/wp-content\/uploads\/2026\/01\/MEP-02-4-1536x756.png 1536w, https:\/\/atelier-bram.com\/wp-content\/uploads\/2026\/01\/MEP-02-4-2048x1008.png 2048w\" sizes=\"(max-width: 2560px) 100vw, 2560px\" \/>\t\t\t\t\t\t\t\t\t\t\t\t\t\t\t<\/div>\n\t\t\t\t<\/div>\n\t\t\t\t<\/div>\n\t\t<div class=\"elementor-element elementor-element-c76f6c3 e-con-full e-flex e-con e-parent\" data-id=\"c76f6c3\" data-element_type=\"container\">\n\t\t\t\t<div class=\"elementor-element elementor-element-14e8f72 elementor-widget elementor-widget-image\" data-id=\"14e8f72\" data-element_type=\"widget\" data-widget_type=\"image.default\">\n\t\t\t\t<div class=\"elementor-widget-container\">\n\t\t\t\t\t\t\t\t\t\t\t\t\t\t\t<img decoding=\"async\" width=\"2560\" height=\"1575\" src=\"https:\/\/atelier-bram.com\/wp-content\/uploads\/2026\/01\/MEP-03-4-scaled.png\" class=\"attachment-full size-full wp-image-1884\" alt=\"Atelier Bram - Architecture - Bagn\u00e8res de Bigorre - Toulouse - Tarbes - Pyr\u00e9nn\u00e9es - Pau - Lannemezan\" srcset=\"https:\/\/atelier-bram.com\/wp-content\/uploads\/2026\/01\/MEP-03-4-scaled.png 2560w, https:\/\/atelier-bram.com\/wp-content\/uploads\/2026\/01\/MEP-03-4-300x185.png 300w, https:\/\/atelier-bram.com\/wp-content\/uploads\/2026\/01\/MEP-03-4-1024x630.png 1024w, https:\/\/atelier-bram.com\/wp-content\/uploads\/2026\/01\/MEP-03-4-768x473.png 768w, https:\/\/atelier-bram.com\/wp-content\/uploads\/2026\/01\/MEP-03-4-1536x945.png 1536w, https:\/\/atelier-bram.com\/wp-content\/uploads\/2026\/01\/MEP-03-4-2048x1260.png 2048w\" sizes=\"(max-width: 2560px) 100vw, 2560px\" \/>\t\t\t\t\t\t\t\t\t\t\t\t\t\t\t<\/div>\n\t\t\t\t<\/div>\n\t\t\t\t<\/div>\n\t\t<div class=\"elementor-element elementor-element-ba52a2b e-con-full e-flex e-con e-parent\" data-id=\"ba52a2b\" data-element_type=\"container\">\n\t\t\t\t<div class=\"elementor-element elementor-element-dff5f89 elementor-widget elementor-widget-image\" data-id=\"dff5f89\" data-element_type=\"widget\" data-widget_type=\"image.default\">\n\t\t\t\t<div class=\"elementor-widget-container\">\n\t\t\t\t\t\t\t\t\t\t\t\t\t\t\t<img loading=\"lazy\" decoding=\"async\" width=\"2560\" height=\"1260\" src=\"https:\/\/atelier-bram.com\/wp-content\/uploads\/2026\/01\/MEP-04-3-scaled.png\" class=\"attachment-full size-full wp-image-1888\" alt=\"Atelier Bram - Architecture - Bagn\u00e8res de Bigorre - Toulouse - Tarbes - Pyr\u00e9nn\u00e9es - Pau - Lannemezan\" srcset=\"https:\/\/atelier-bram.com\/wp-content\/uploads\/2026\/01\/MEP-04-3-scaled.png 2560w, https:\/\/atelier-bram.com\/wp-content\/uploads\/2026\/01\/MEP-04-3-300x148.png 300w, https:\/\/atelier-bram.com\/wp-content\/uploads\/2026\/01\/MEP-04-3-1024x504.png 1024w, https:\/\/atelier-bram.com\/wp-content\/uploads\/2026\/01\/MEP-04-3-768x378.png 768w, https:\/\/atelier-bram.com\/wp-content\/uploads\/2026\/01\/MEP-04-3-1536x756.png 1536w, https:\/\/atelier-bram.com\/wp-content\/uploads\/2026\/01\/MEP-04-3-2048x1008.png 2048w\" sizes=\"(max-width: 2560px) 100vw, 2560px\" \/>\t\t\t\t\t\t\t\t\t\t\t\t\t\t\t<\/div>\n\t\t\t\t<\/div>\n\t\t\t\t<\/div>\n\t\t<div class=\"elementor-element elementor-element-f2fb2d8 e-con-full e-flex e-con e-parent\" data-id=\"f2fb2d8\" data-element_type=\"container\">\n\t\t\t\t<div class=\"elementor-element elementor-element-4357909 elementor-widget elementor-widget-image\" data-id=\"4357909\" data-element_type=\"widget\" data-widget_type=\"image.default\">\n\t\t\t\t<div class=\"elementor-widget-container\">\n\t\t\t\t\t\t\t\t\t\t\t\t<figure class=\"wp-caption\">\n\t\t\t\t\t\t\t\t\t\t<img loading=\"lazy\" decoding=\"async\" width=\"2560\" height=\"1680\" src=\"https:\/\/atelier-bram.com\/wp-content\/uploads\/2026\/01\/MEP-05.1-scaled.png\" class=\"attachment-full size-full wp-image-1900\" alt=\"Atelier Bram - Architecture - Bagn\u00e8res de Bigorre - Toulouse - Tarbes - Pyr\u00e9nn\u00e9es - Pau - Lannemezan\" srcset=\"https:\/\/atelier-bram.com\/wp-content\/uploads\/2026\/01\/MEP-05.1-scaled.png 2560w, https:\/\/atelier-bram.com\/wp-content\/uploads\/2026\/01\/MEP-05.1-300x197.png 300w, https:\/\/atelier-bram.com\/wp-content\/uploads\/2026\/01\/MEP-05.1-1024x672.png 1024w, https:\/\/atelier-bram.com\/wp-content\/uploads\/2026\/01\/MEP-05.1-768x504.png 768w, https:\/\/atelier-bram.com\/wp-content\/uploads\/2026\/01\/MEP-05.1-1536x1008.png 1536w, https:\/\/atelier-bram.com\/wp-content\/uploads\/2026\/01\/MEP-05.1-2048x1344.png 2048w\" sizes=\"(max-width: 2560px) 100vw, 2560px\" \/>\t\t\t\t\t\t\t\t\t\t\t<figcaption class=\"widget-image-caption wp-caption-text\">Atelier Bram - Architecture - Bagn\u00e8res de Bigorre - Toulouse - Tarbes - Pyr\u00e9nn\u00e9es - Pau - Lannemezan<\/figcaption>\n\t\t\t\t\t\t\t\t\t\t<\/figure>\n\t\t\t\t\t\t\t\t\t<\/div>\n\t\t\t\t<\/div>\n\t\t\t\t<\/div>\n\t\t\t\t<\/div>\n\t\t","protected":false},"excerpt":{"rendered":"<p>Atelier Bram &#8211; Architecture &#8211; Bagn\u00e8res de Bigorre &#8211; Toulouse &#8211; Tarbes &#8211; Pyr\u00e9nn\u00e9es &#8211; Pau &#8211; Lannemezan<\/p>\n","protected":false},"author":1,"featured_media":0,"parent":0,"menu_order":0,"comment_status":"closed","ping_status":"closed","template":"","meta":{"site-sidebar-layout":"no-sidebar","site-content-layout":"","ast-site-content-layout":"full-width-container","site-content-style":"default","site-sidebar-style":"default","ast-global-header-display":"","ast-banner-title-visibility":"","ast-main-header-display":"","ast-hfb-above-header-display":"","ast-hfb-below-header-display":"","ast-hfb-mobile-header-display":"","site-post-title":"","ast-breadcrumbs-content":"","ast-featured-img":"disabled","footer-sml-layout":"","ast-disable-related-posts":"","theme-transparent-header-meta":"","adv-header-id-meta":"","stick-header-meta":"","header-above-stick-meta":"","header-main-stick-meta":"","header-below-stick-meta":"","astra-migrate-meta-layouts":"default","ast-page-background-enabled":"default","ast-page-background-meta":{"desktop":{"background-color":"var(--ast-global-color-4)","background-image":"","background-repeat":"repeat","background-position":"center center","background-size":"auto","background-attachment":"scroll","background-type":"","background-media":"","overlay-type":"","overlay-color":"","overlay-opacity":"","overlay-gradient":""},"tablet":{"background-color":"","background-image":"","background-repeat":"repeat","background-position":"center center","background-size":"auto","background-attachment":"scroll","background-type":"","background-media":"","overlay-type":"","overlay-color":"","overlay-opacity":"","overlay-gradient":""},"mobile":{"background-color":"","background-image":"","background-repeat":"repeat","background-position":"center center","background-size":"auto","background-attachment":"scroll","background-type":"","background-media":"","overlay-type":"","overlay-color":"","overlay-opacity":"","overlay-gradient":""}},"ast-content-background-meta":{"desktop":{"background-color":"var(--ast-global-color-5)","background-image":"","background-repeat":"repeat","background-position":"center center","background-size":"auto","background-attachment":"scroll","background-type":"","background-media":"","overlay-type":"","overlay-color":"","overlay-opacity":"","overlay-gradient":""},"tablet":{"background-color":"var(--ast-global-color-5)","background-image":"","background-repeat":"repeat","background-position":"center center","background-size":"auto","background-attachment":"scroll","background-type":"","background-media":"","overlay-type":"","overlay-color":"","overlay-opacity":"","overlay-gradient":""},"mobile":{"background-color":"var(--ast-global-color-5)","background-image":"","background-repeat":"repeat","background-position":"center center","background-size":"auto","background-attachment":"scroll","background-type":"","background-media":"","overlay-type":"","overlay-color":"","overlay-opacity":"","overlay-gradient":""}},"footnotes":""},"class_list":["post-1879","page","type-page","status-publish","hentry"],"yoast_head":"<!-- This site is optimized with the Yoast SEO plugin v26.8 - https:\/\/yoast.com\/product\/yoast-seo-wordpress\/ -->\n<title>Grange aux moutons | Atelier Bram | Architecture<\/title>\n<meta name=\"robots\" content=\"index, follow, max-snippet:-1, max-image-preview:large, max-video-preview:-1\" \/>\n<link rel=\"canonical\" href=\"https:\/\/atelier-bram.com\/index.php\/grange-aux-moutons\/\" \/>\n<meta property=\"og:locale\" content=\"fr_FR\" \/>\n<meta property=\"og:type\" content=\"article\" \/>\n<meta property=\"og:title\" content=\"Grange aux moutons | Atelier Bram | Architecture\" \/>\n<meta property=\"og:description\" content=\"Atelier Bram &#8211; Architecture &#8211; Bagn\u00e8res de Bigorre &#8211; Toulouse &#8211; Tarbes &#8211; Pyr\u00e9nn\u00e9es &#8211; Pau &#8211; Lannemezan\" \/>\n<meta property=\"og:url\" content=\"https:\/\/atelier-bram.com\/index.php\/grange-aux-moutons\/\" \/>\n<meta property=\"og:site_name\" content=\"Atelier Bram | Architecture\" \/>\n<meta property=\"article:modified_time\" content=\"2026-01-21T15:35:40+00:00\" \/>\n<meta property=\"og:image\" content=\"https:\/\/atelier-bram.com\/wp-content\/uploads\/2026\/01\/MEP-01-4-1024x630.png\" \/>\n\t<meta property=\"og:image:width\" content=\"1024\" \/>\n\t<meta property=\"og:image:height\" content=\"630\" \/>\n\t<meta property=\"og:image:type\" content=\"image\/png\" \/>\n<meta name=\"twitter:card\" content=\"summary_large_image\" \/>\n<meta name=\"twitter:label1\" content=\"Dur\u00e9e de lecture estim\u00e9e\" \/>\n\t<meta name=\"twitter:data1\" content=\"2 minutes\" \/>\n<script type=\"application\/ld+json\" class=\"yoast-schema-graph\">{\"@context\":\"https:\/\/schema.org\",\"@graph\":[{\"@type\":\"WebPage\",\"@id\":\"https:\/\/atelier-bram.com\/index.php\/grange-aux-moutons\/\",\"url\":\"https:\/\/atelier-bram.com\/index.php\/grange-aux-moutons\/\",\"name\":\"Grange aux moutons | Atelier Bram | Architecture\",\"isPartOf\":{\"@id\":\"https:\/\/atelier-bram.com\/#website\"},\"primaryImageOfPage\":{\"@id\":\"https:\/\/atelier-bram.com\/index.php\/grange-aux-moutons\/#primaryimage\"},\"image\":{\"@id\":\"https:\/\/atelier-bram.com\/index.php\/grange-aux-moutons\/#primaryimage\"},\"thumbnailUrl\":\"https:\/\/atelier-bram.com\/wp-content\/uploads\/2026\/01\/MEP-01-4-scaled.png\",\"datePublished\":\"2026-01-21T15:15:14+00:00\",\"dateModified\":\"2026-01-21T15:35:40+00:00\",\"breadcrumb\":{\"@id\":\"https:\/\/atelier-bram.com\/index.php\/grange-aux-moutons\/#breadcrumb\"},\"inLanguage\":\"fr-FR\",\"potentialAction\":[{\"@type\":\"ReadAction\",\"target\":[\"https:\/\/atelier-bram.com\/index.php\/grange-aux-moutons\/\"]}]},{\"@type\":\"ImageObject\",\"inLanguage\":\"fr-FR\",\"@id\":\"https:\/\/atelier-bram.com\/index.php\/grange-aux-moutons\/#primaryimage\",\"url\":\"https:\/\/atelier-bram.com\/wp-content\/uploads\/2026\/01\/MEP-01-4-scaled.png\",\"contentUrl\":\"https:\/\/atelier-bram.com\/wp-content\/uploads\/2026\/01\/MEP-01-4-scaled.png\",\"width\":2560,\"height\":1575,\"caption\":\"Atelier Bram - Architecture - Bagn\u00e8res de Bigorre - Toulouse - Tarbes - Pyr\u00e9nn\u00e9es - Pau - Lannemezan\"},{\"@type\":\"BreadcrumbList\",\"@id\":\"https:\/\/atelier-bram.com\/index.php\/grange-aux-moutons\/#breadcrumb\",\"itemListElement\":[{\"@type\":\"ListItem\",\"position\":1,\"name\":\"Accueil\",\"item\":\"https:\/\/atelier-bram.com\/\"},{\"@type\":\"ListItem\",\"position\":2,\"name\":\"Grange aux moutons\"}]},{\"@type\":\"WebSite\",\"@id\":\"https:\/\/atelier-bram.com\/#website\",\"url\":\"https:\/\/atelier-bram.com\/\",\"name\":\"Atelier Bram | Architecture\",\"description\":\"L&#039;atelier Bram est une agence d&#039;architecture cr\u00e9\u00e9e en 2023 par quatre associ\u00e9s.\",\"publisher\":{\"@id\":\"https:\/\/atelier-bram.com\/#organization\"},\"alternateName\":\"Bram Architecture\",\"potentialAction\":[{\"@type\":\"SearchAction\",\"target\":{\"@type\":\"EntryPoint\",\"urlTemplate\":\"https:\/\/atelier-bram.com\/?s={search_term_string}\"},\"query-input\":{\"@type\":\"PropertyValueSpecification\",\"valueRequired\":true,\"valueName\":\"search_term_string\"}}],\"inLanguage\":\"fr-FR\"},{\"@type\":\"Organization\",\"@id\":\"https:\/\/atelier-bram.com\/#organization\",\"name\":\"Bram\",\"alternateName\":\"Atelier Bram\",\"url\":\"https:\/\/atelier-bram.com\/\",\"logo\":{\"@type\":\"ImageObject\",\"inLanguage\":\"fr-FR\",\"@id\":\"https:\/\/atelier-bram.com\/#\/schema\/logo\/image\/\",\"url\":\"https:\/\/atelier-bram.com\/wp-content\/uploads\/2023\/11\/Bram-L-Bleu-scaled.png\",\"contentUrl\":\"https:\/\/atelier-bram.com\/wp-content\/uploads\/2023\/11\/Bram-L-Bleu-scaled.png\",\"width\":2213,\"height\":2560,\"caption\":\"Bram\"},\"image\":{\"@id\":\"https:\/\/atelier-bram.com\/#\/schema\/logo\/image\/\"}}]}<\/script>\n<!-- \/ Yoast SEO plugin. -->","yoast_head_json":{"title":"Grange aux moutons | Atelier Bram | Architecture","robots":{"index":"index","follow":"follow","max-snippet":"max-snippet:-1","max-image-preview":"max-image-preview:large","max-video-preview":"max-video-preview:-1"},"canonical":"https:\/\/atelier-bram.com\/index.php\/grange-aux-moutons\/","og_locale":"fr_FR","og_type":"article","og_title":"Grange aux moutons | Atelier Bram | Architecture","og_description":"Atelier Bram &#8211; Architecture &#8211; Bagn\u00e8res de Bigorre &#8211; Toulouse &#8211; Tarbes &#8211; Pyr\u00e9nn\u00e9es &#8211; Pau &#8211; Lannemezan","og_url":"https:\/\/atelier-bram.com\/index.php\/grange-aux-moutons\/","og_site_name":"Atelier Bram | Architecture","article_modified_time":"2026-01-21T15:35:40+00:00","og_image":[{"width":1024,"height":630,"url":"https:\/\/atelier-bram.com\/wp-content\/uploads\/2026\/01\/MEP-01-4-1024x630.png","type":"image\/png"}],"twitter_card":"summary_large_image","twitter_misc":{"Dur\u00e9e de lecture estim\u00e9e":"2 minutes"},"schema":{"@context":"https:\/\/schema.org","@graph":[{"@type":"WebPage","@id":"https:\/\/atelier-bram.com\/index.php\/grange-aux-moutons\/","url":"https:\/\/atelier-bram.com\/index.php\/grange-aux-moutons\/","name":"Grange aux moutons | Atelier Bram | Architecture","isPartOf":{"@id":"https:\/\/atelier-bram.com\/#website"},"primaryImageOfPage":{"@id":"https:\/\/atelier-bram.com\/index.php\/grange-aux-moutons\/#primaryimage"},"image":{"@id":"https:\/\/atelier-bram.com\/index.php\/grange-aux-moutons\/#primaryimage"},"thumbnailUrl":"https:\/\/atelier-bram.com\/wp-content\/uploads\/2026\/01\/MEP-01-4-scaled.png","datePublished":"2026-01-21T15:15:14+00:00","dateModified":"2026-01-21T15:35:40+00:00","breadcrumb":{"@id":"https:\/\/atelier-bram.com\/index.php\/grange-aux-moutons\/#breadcrumb"},"inLanguage":"fr-FR","potentialAction":[{"@type":"ReadAction","target":["https:\/\/atelier-bram.com\/index.php\/grange-aux-moutons\/"]}]},{"@type":"ImageObject","inLanguage":"fr-FR","@id":"https:\/\/atelier-bram.com\/index.php\/grange-aux-moutons\/#primaryimage","url":"https:\/\/atelier-bram.com\/wp-content\/uploads\/2026\/01\/MEP-01-4-scaled.png","contentUrl":"https:\/\/atelier-bram.com\/wp-content\/uploads\/2026\/01\/MEP-01-4-scaled.png","width":2560,"height":1575,"caption":"Atelier Bram - Architecture - Bagn\u00e8res de Bigorre - Toulouse - Tarbes - Pyr\u00e9nn\u00e9es - Pau - Lannemezan"},{"@type":"BreadcrumbList","@id":"https:\/\/atelier-bram.com\/index.php\/grange-aux-moutons\/#breadcrumb","itemListElement":[{"@type":"ListItem","position":1,"name":"Accueil","item":"https:\/\/atelier-bram.com\/"},{"@type":"ListItem","position":2,"name":"Grange aux moutons"}]},{"@type":"WebSite","@id":"https:\/\/atelier-bram.com\/#website","url":"https:\/\/atelier-bram.com\/","name":"Atelier Bram | Architecture","description":"L&#039;atelier Bram est une agence d&#039;architecture cr\u00e9\u00e9e en 2023 par quatre associ\u00e9s.","publisher":{"@id":"https:\/\/atelier-bram.com\/#organization"},"alternateName":"Bram Architecture","potentialAction":[{"@type":"SearchAction","target":{"@type":"EntryPoint","urlTemplate":"https:\/\/atelier-bram.com\/?s={search_term_string}"},"query-input":{"@type":"PropertyValueSpecification","valueRequired":true,"valueName":"search_term_string"}}],"inLanguage":"fr-FR"},{"@type":"Organization","@id":"https:\/\/atelier-bram.com\/#organization","name":"Bram","alternateName":"Atelier Bram","url":"https:\/\/atelier-bram.com\/","logo":{"@type":"ImageObject","inLanguage":"fr-FR","@id":"https:\/\/atelier-bram.com\/#\/schema\/logo\/image\/","url":"https:\/\/atelier-bram.com\/wp-content\/uploads\/2023\/11\/Bram-L-Bleu-scaled.png","contentUrl":"https:\/\/atelier-bram.com\/wp-content\/uploads\/2023\/11\/Bram-L-Bleu-scaled.png","width":2213,"height":2560,"caption":"Bram"},"image":{"@id":"https:\/\/atelier-bram.com\/#\/schema\/logo\/image\/"}}]}},"_links":{"self":[{"href":"https:\/\/atelier-bram.com\/index.php\/wp-json\/wp\/v2\/pages\/1879","targetHints":{"allow":["GET"]}}],"collection":[{"href":"https:\/\/atelier-bram.com\/index.php\/wp-json\/wp\/v2\/pages"}],"about":[{"href":"https:\/\/atelier-bram.com\/index.php\/wp-json\/wp\/v2\/types\/page"}],"author":[{"embeddable":true,"href":"https:\/\/atelier-bram.com\/index.php\/wp-json\/wp\/v2\/users\/1"}],"replies":[{"embeddable":true,"href":"https:\/\/atelier-bram.com\/index.php\/wp-json\/wp\/v2\/comments?post=1879"}],"version-history":[{"count":17,"href":"https:\/\/atelier-bram.com\/index.php\/wp-json\/wp\/v2\/pages\/1879\/revisions"}],"predecessor-version":[{"id":1909,"href":"https:\/\/atelier-bram.com\/index.php\/wp-json\/wp\/v2\/pages\/1879\/revisions\/1909"}],"wp:attachment":[{"href":"https:\/\/atelier-bram.com\/index.php\/wp-json\/wp\/v2\/media?parent=1879"}],"curies":[{"name":"wp","href":"https:\/\/api.w.org\/{rel}","templated":true}]}}